{"id":959,"date":"2025-05-18T00:32:02","date_gmt":"2025-05-17T23:32:02","guid":{"rendered":"https:\/\/www.electromecanicamg.com\/?page_id=959"},"modified":"2025-05-25T01:39:23","modified_gmt":"2025-05-24T23:39:23","slug":"politica_de_cookies","status":"publish","type":"page","link":"https:\/\/www.electromecanicamg.com\/index.php\/politica_de_cookies\/","title":{"rendered":"Pol\u00edtica de Cookies"},"content":{"rendered":"<p>[et_pb_section fb_built=\u00bb1&#8243; admin_label=\u00bbCall to Action\u00bb _builder_version=\u00bb4.27.4&#8243; _module_preset=\u00bbdefault\u00bb collapsed=\u00bbon\u00bb global_colors_info=\u00bb{}\u00bb theme_builder_area=\u00bbpost_content\u00bb][et_pb_row column_structure=\u00bb1_2,1_2&#8243; _builder_version=\u00bb4.27.4&#8243; _module_preset=\u00bbdefault\u00bb global_colors_info=\u00bb{}\u00bb theme_builder_area=\u00bbpost_content\u00bb][et_pb_column type=\u00bb1_2&#8243; _builder_version=\u00bb4.27.4&#8243; _module_preset=\u00bbdefault\u00bb global_colors_info=\u00bb{}\u00bb theme_builder_area=\u00bbpost_content\u00bb][et_pb_image src=\u00bbhttps:\/\/www.electromecanicamg.com\/wp-content\/uploads\/2025\/05\/LSSI-y-LOPDGDD.png\u00bb alt=\u00bbLaw\u00bb title_text=\u00bbLSSI y LOPDGDD\u00bb _builder_version=\u00bb4.27.4&#8243; _module_preset=\u00bbdefault\u00bb custom_margin=\u00bb|9px||||\u00bb custom_padding=\u00bb|2px||||\u00bb global_colors_info=\u00bb{}\u00bb theme_builder_area=\u00bbpost_content\u00bb][\/et_pb_image][\/et_pb_column][et_pb_column type=\u00bb1_2&#8243; _builder_version=\u00bb4.27.4&#8243; _module_preset=\u00bbdefault\u00bb global_colors_info=\u00bb{}\u00bb theme_builder_area=\u00bbpost_content\u00bb][et_pb_heading title=\u00bbPol\u00edtica de Cookies\u00bb _builder_version=\u00bb4.27.4&#8243; _module_preset=\u00bb0c270147-905f-41d9-a333-eab46e7266e7&#8243; title_text_color=\u00bb#FFFFFF\u00bb custom_margin=\u00bb||10px||false|false\u00bb hover_enabled=\u00bb0&#8243; global_colors_info=\u00bb{}\u00bb theme_builder_area=\u00bbpost_content\u00bb sticky_enabled=\u00bb0&#8243;][\/et_pb_heading][et_pb_heading title=\u00bbnuestro sitio web es:   http:\/\/electromecanicamg.com\u00bb _builder_version=\u00bb4.27.4&#8243; _module_preset=\u00bb0c270147-905f-41d9-a333-eab46e7266e7&#8243; title_level=\u00bbh3&#8243; title_text_color=\u00bb#FFFFFF\u00bb title_font_size=\u00bb14px\u00bb custom_margin=\u00bb||10px||false|false\u00bb global_colors_info=\u00bb{}\u00bb theme_builder_area=\u00bbpost_content\u00bb][\/et_pb_heading][et_pb_heading title=\u00bbEn cumplimiento de las normativas de la Ley de Servicios de la Sociedad de la Informaci\u00f3n (LSSI) y la Ley Org\u00e1nica de Protecci\u00f3n de Datos de Car\u00e1cter Personal y garant\u00eda de los derechos digitales (LOPDGDD).\u00bb _builder_version=\u00bb4.27.4&#8243; _module_preset=\u00bb0c270147-905f-41d9-a333-eab46e7266e7&#8243; title_level=\u00bbh4&#8243; title_text_color=\u00bb#FFFFFF\u00bb title_font_size=\u00bb14px\u00bb custom_margin=\u00bb||10px||false|false\u00bb global_colors_info=\u00bb{}\u00bb theme_builder_area=\u00bbpost_content\u00bb][\/et_pb_heading][et_pb_text _builder_version=\u00bb4.27.4&#8243; _module_preset=\u00bbdefault\u00bb text_text_color=\u00bb#FFFFFF\u00bb hover_enabled=\u00bb0&#8243; global_colors_info=\u00bb{}\u00bb theme_builder_area=\u00bbpost_content\u00bb sticky_enabled=\u00bb0&#8243;]<\/p>\n<p><span style=\"font-size: large;\">En cumplimiento con el art\u00edculo 22.2 de la Ley 34\/2002, de 11 de julio, de Servicios de la Sociedad de la Informaci\u00f3n y de Comercio Electr\u00f3nico (LSSI-CE), MANUEL ANTONIO G\u00d3MEZ BALSA informa sobre el uso de cookies en su sitio web.<\/span><\/p>\n<ol>\n<li><span style=\"font-size: large;\"><strong> \u00bfQu\u00e9 son las cookies?<\/strong><\/span><\/li>\n<\/ol>\n<p><span style=\"font-size: large;\">Las cookies son peque\u00f1os archivos de texto que los sitios web instalan en el ordenador o dispositivo del usuario durante su navegaci\u00f3n y que sirven para almacenar informaci\u00f3n sobre su visita.<\/span><\/p>\n<ol start=\"2\">\n<li><span style=\"font-size: large;\"><strong> Tipos de cookies utilizadas<\/strong><\/span><\/li>\n<\/ol>\n<p><span style=\"font-size: large;\">Este sitio web utiliza los siguientes tipos de cookies:<\/span><\/p>\n<p><span style=\"font-size: large;\"><strong>2.1. Cookies t\u00e9cnicas<\/strong><\/span><\/p>\n<p><span style=\"font-size: large;\">Son aquellas que permiten al usuario la navegaci\u00f3n a trav\u00e9s de una p\u00e1gina web y la utilizaci\u00f3n de las diferentes opciones o servicios que en ella existan como, por ejemplo, controlar el tr\u00e1fico y la comunicaci\u00f3n de datos, identificar la sesi\u00f3n, acceder a partes de acceso restringido, etc.<\/span><\/p>\n<p><span style=\"font-size: large;\"><strong>2.2. Cookies de an\u00e1lisis<\/strong><\/span><\/p>\n<p><span style=\"font-size: large;\">Son aquellas que permiten el seguimiento y an\u00e1lisis del comportamiento de los usuarios del sitio web. La informaci\u00f3n recogida mediante este tipo de cookies se utiliza en la medici\u00f3n de la actividad del sitio web con el fin de introducir mejoras en funci\u00f3n del an\u00e1lisis de los datos de uso.<\/span><\/p>\n<p><span style=\"font-size: large;\"><strong>2.3. Cookies de terceros<\/strong><\/span><\/p>\n<p><span style=\"font-size: large;\">En algunas p\u00e1ginas web se pueden instalar cookies de terceros que permiten gestionar y mejorar los servicios ofrecidos. Como por ejemplo, servicios estad\u00edsticos de Google Analytics.<\/span><\/p>\n<ol start=\"3\">\n<li><span style=\"font-size: large;\"><strong> Desactivaci\u00f3n de cookies<\/strong><\/span><\/li>\n<\/ol>\n<p><span style=\"font-size: large;\">El usuario puede permitir, bloquear o eliminar las cookies instaladas en su equipo mediante la configuraci\u00f3n de las opciones del navegador. A continuaci\u00f3n, le proporcionamos enlaces con informaci\u00f3n sobre c\u00f3mo hacerlo en los navegadores m\u00e1s comunes:<\/span><\/p>\n<ul>\n<li><span style=\"font-size: large;\"><a title=\"Chrome Pol\u00edtica de Cookies\" href=\"https:\/\/support.google.com\/chrome\/answer\/95647\">Google Chrome<\/a><\/span><\/li>\n<li><span style=\"font-size: large;\"><a title=\"Firefox Pol\u00edtica de Cookies\" href=\"https:\/\/support.mozilla.org\/es\/kb\/habilitar-y-deshabilitar-cookies-sitios-web-rastrear-preferencias\">Mozilla Firefox<\/a><\/span><\/li>\n<li><span style=\"font-size: large;\"><a title=\"Explorer Pol\u00edtica de Cookies\" href=\"https:\/\/support.microsoft.com\/es-es\/help\/17442\/windows-internet-explorer-delete-manage-cookies\">Internet Explorer<\/a><\/span><\/li>\n<li><span style=\"font-size: large;\"><a title=\"Safari Pol\u00edtica de Cookies\" href=\"https:\/\/support.apple.com\/es-es\/guide\/safari\/sfri11471\/mac\">Safari<\/a><\/span><\/li>\n<li><span style=\"font-size: large;\"><a title=\"Opera Pol\u00edtica de Cookies\" href=\"https:\/\/help.opera.com\/en\/latest\/web-preferences\/#cookies\">Opera<\/a><\/span><\/li>\n<\/ul>\n<ol start=\"4\">\n<li><span style=\"font-size: large;\"><strong> Consentimiento<\/strong><\/span><\/li>\n<\/ol>\n<p><span style=\"font-size: large;\">Al navegar por este sitio web, el usuario acepta el uso de cookies en las condiciones contenidas en esta Pol\u00edtica de Cookies. MANUEL ANTONIO G\u00d3MEZ BALSA muestra informaci\u00f3n sobre su Pol\u00edtica de Cookies en la parte inferior de cualquier p\u00e1gina del sitio con cada inicio de sesi\u00f3n.<\/span><\/p>\n<p><span style=\"font-size: large;\">Ante esta informaci\u00f3n es posible llevar a cabo las siguientes acciones:<\/span><\/p>\n<ul>\n<li><span style=\"font-size: large;\"><strong>Aceptar cookies:<\/strong>\u00a0No se volver\u00e1 a visualizar este aviso al acceder a cualquier p\u00e1gina del portal durante la presente sesi\u00f3n.<\/span><\/li>\n<li><span style=\"font-size: large;\"><strong>Modificar su configuraci\u00f3n:<\/strong>\u00a0Podr\u00e1 obtener m\u00e1s informaci\u00f3n sobre qu\u00e9 son las cookies, conocer la Pol\u00edtica de Cookies y modificar la configuraci\u00f3n de su navegador.<\/span><\/li>\n<li><span style=\"font-size: large;\"><strong>Rechazar cookies:<\/strong>\u00a0El aviso seguir\u00e1 mostr\u00e1ndose en cada acceso a la p\u00e1gina web.<\/span><\/li>\n<\/ul>\n<ol start=\"5\">\n<li><span style=\"font-size: large;\"><strong> Cambios en la pol\u00edtica de cookies<\/strong><\/span><\/li>\n<\/ol>\n<p><span style=\"font-size: large;\">MANUEL ANTONIO G\u00d3MEZ BALSA podr\u00e1 modificar esta Pol\u00edtica de Cookies en funci\u00f3n de exigencias legislativas, reglamentarias, o con la finalidad de adaptar dicha pol\u00edtica a las instrucciones dictadas por la Agencia Espa\u00f1ola de Protecci\u00f3n de Datos.<\/span><\/p>\n<p>[\/et_pb_text][\/et_pb_column][\/et_pb_row][\/et_pb_section]<\/p>\n","protected":false},"excerpt":{"rendered":"<p>En cumplimiento con el art\u00edculo 22.2 de la Ley 34\/2002, de 11 de julio, de Servicios de la Sociedad de la Informaci\u00f3n y de Comercio Electr\u00f3nico (LSSI-CE), MANUEL ANTONIO G\u00d3MEZ BALSA informa sobre el uso de cookies en su sitio web. \u00bfQu\u00e9 son las cookies? Las cookies son peque\u00f1os archivos de texto que los sitios [&hellip;]<\/p>\n","protected":false},"author":1,"featured_media":0,"parent":0,"menu_order":7,"comment_status":"closed","ping_status":"closed","template":"","meta":{"_et_pb_use_builder":"on","_et_pb_old_content":"","_et_gb_content_width":"","footnotes":""},"class_list":["post-959","page","type-page","status-publish","hentry"],"_links":{"self":[{"href":"https:\/\/www.electromecanicamg.com\/index.php\/wp-json\/wp\/v2\/pages\/959","targetHints":{"allow":["GET"]}}],"collection":[{"href":"https:\/\/www.electromecanicamg.com\/index.php\/wp-json\/wp\/v2\/pages"}],"about":[{"href":"https:\/\/www.electromecanicamg.com\/index.php\/wp-json\/wp\/v2\/types\/page"}],"author":[{"embeddable":true,"href":"https:\/\/www.electromecanicamg.com\/index.php\/wp-json\/wp\/v2\/users\/1"}],"replies":[{"embeddable":true,"href":"https:\/\/www.electromecanicamg.com\/index.php\/wp-json\/wp\/v2\/comments?post=959"}],"version-history":[{"count":16,"href":"https:\/\/www.electromecanicamg.com\/index.php\/wp-json\/wp\/v2\/pages\/959\/revisions"}],"predecessor-version":[{"id":1410,"href":"https:\/\/www.electromecanicamg.com\/index.php\/wp-json\/wp\/v2\/pages\/959\/revisions\/1410"}],"wp:attachment":[{"href":"https:\/\/www.electromecanicamg.com\/index.php\/wp-json\/wp\/v2\/media?parent=959"}],"curies":[{"name":"wp","href":"https:\/\/api.w.org\/{rel}","templated":true}]}}