{"id":951,"date":"2025-05-17T23:39:05","date_gmt":"2025-05-17T22:39:05","guid":{"rendered":"https:\/\/www.electromecanicamg.com\/?page_id=951"},"modified":"2025-05-25T01:36:52","modified_gmt":"2025-05-24T23:36:52","slug":"terminos_y_condiciones_de_uso","status":"publish","type":"page","link":"https:\/\/www.electromecanicamg.com\/index.php\/terminos_y_condiciones_de_uso\/","title":{"rendered":"T\u00e9rminos y Condiciones de Uso"},"content":{"rendered":"<p>[et_pb_section fb_built=\u00bb1&#8243; admin_label=\u00bbCall to Action\u00bb _builder_version=\u00bb4.27.4&#8243; _module_preset=\u00bbdefault\u00bb collapsed=\u00bbon\u00bb global_colors_info=\u00bb{}\u00bb theme_builder_area=\u00bbpost_content\u00bb][et_pb_row column_structure=\u00bb1_2,1_2&#8243; _builder_version=\u00bb4.27.4&#8243; _module_preset=\u00bbdefault\u00bb global_colors_info=\u00bb{}\u00bb theme_builder_area=\u00bbpost_content\u00bb][et_pb_column type=\u00bb1_2&#8243; _builder_version=\u00bb4.27.4&#8243; _module_preset=\u00bbdefault\u00bb global_colors_info=\u00bb{}\u00bb theme_builder_area=\u00bbpost_content\u00bb][et_pb_image src=\u00bbhttps:\/\/www.electromecanicamg.com\/wp-content\/uploads\/2025\/05\/LSSI-y-LOPDGDD.png\u00bb alt=\u00bbLaw\u00bb title_text=\u00bbLSSI y LOPDGDD\u00bb _builder_version=\u00bb4.27.4&#8243; _module_preset=\u00bbdefault\u00bb custom_margin=\u00bb|9px||||\u00bb custom_padding=\u00bb|2px||||\u00bb global_colors_info=\u00bb{}\u00bb theme_builder_area=\u00bbpost_content\u00bb][\/et_pb_image][\/et_pb_column][et_pb_column type=\u00bb1_2&#8243; _builder_version=\u00bb4.27.4&#8243; _module_preset=\u00bbdefault\u00bb global_colors_info=\u00bb{}\u00bb theme_builder_area=\u00bbpost_content\u00bb][et_pb_heading title=\u00bbT\u00e9rminos y Condiciones de Uso\u00bb _builder_version=\u00bb4.27.4&#8243; _module_preset=\u00bb0c270147-905f-41d9-a333-eab46e7266e7&#8243; title_text_color=\u00bb#FFFFFF\u00bb custom_margin=\u00bb||10px||false|false\u00bb hover_enabled=\u00bb0&#8243; global_colors_info=\u00bb{}\u00bb theme_builder_area=\u00bbpost_content\u00bb sticky_enabled=\u00bb0&#8243;][\/et_pb_heading][et_pb_heading title=\u00bbnuestro sitio web es:   http:\/\/electromecanicamg.com\u00bb _builder_version=\u00bb4.27.4&#8243; _module_preset=\u00bb0c270147-905f-41d9-a333-eab46e7266e7&#8243; title_level=\u00bbh3&#8243; title_text_color=\u00bb#FFFFFF\u00bb title_font_size=\u00bb14px\u00bb custom_margin=\u00bb||10px||false|false\u00bb global_colors_info=\u00bb{}\u00bb theme_builder_area=\u00bbpost_content\u00bb][\/et_pb_heading][et_pb_heading title=\u00bbEn cumplimiento de las normativas de la Ley de Servicios de la Sociedad de la Informaci\u00f3n (LSSI) y la Ley Org\u00e1nica de Protecci\u00f3n de Datos de Car\u00e1cter Personal y garant\u00eda de los derechos digitales (LOPDGDD).\u00bb _builder_version=\u00bb4.27.4&#8243; _module_preset=\u00bb0c270147-905f-41d9-a333-eab46e7266e7&#8243; title_level=\u00bbh4&#8243; title_text_color=\u00bb#FFFFFF\u00bb title_font_size=\u00bb14px\u00bb custom_margin=\u00bb||10px||false|false\u00bb global_colors_info=\u00bb{}\u00bb theme_builder_area=\u00bbpost_content\u00bb][\/et_pb_heading][et_pb_text _builder_version=\u00bb4.27.4&#8243; _module_preset=\u00bbdefault\u00bb text_text_color=\u00bb#FFFFFF\u00bb hover_enabled=\u00bb0&#8243; global_colors_info=\u00bb{}\u00bb theme_builder_area=\u00bbpost_content\u00bb sticky_enabled=\u00bb0&#8243;]<\/p>\n<p><span style=\"font-size: large;\">Al acceder y utilizar este sitio web, usted acepta estos t\u00e9rminos y condiciones en su totalidad. Si no est\u00e1 de acuerdo con estos t\u00e9rminos y condiciones o cualquier parte de estos t\u00e9rminos y condiciones, no debe utilizar este sitio web.<\/span><\/p>\n<ol>\n<li><span style=\"font-size: large;\"><strong> Informaci\u00f3n General<\/strong><\/span><\/li>\n<\/ol>\n<p><span style=\"font-size: large;\">En cumplimiento con el art\u00edculo 10 de la Ley 34\/2002, de 11 de julio, de Servicios de la Sociedad de la Informaci\u00f3n y de Comercio Electr\u00f3nico (LSSICE), se informa que el titular de este sitio web es:<\/span><\/p>\n<ul>\n<li><span style=\"font-size: large;\"><strong>Denominaci\u00f3n social:<\/strong>\u00a0 MANUEL ANTONIO G\u00d3MEZ BALSA<\/span><\/li>\n<li><span style=\"font-size: large;\"><strong>Domicilio social: Calle Canario 18, 3\u00baA, 36205, Vigo, Pontevedra, Espa\u00f1a.<\/strong><\/span><\/li>\n<li><span style=\"font-size: large;\"><strong>CIF\/NIF:<\/strong>\u00a076934293Y<\/span><\/li>\n<li><span style=\"font-size: large;\"><strong>Tel\u00e9fono:<\/strong>\u00a0+34 666 266 087<\/span><\/li>\n<li><span style=\"font-size: large;\"><strong>Email:<\/strong>\u00a0electromecanicagomez2023@gmail.com<\/span><\/li>\n<li><span style=\"font-size: large;\"><strong>Actividad:<\/strong>\u00a0Servicios profesionales y comercio al por menor de productos industriales relacionados con el sector de la construcci\u00f3n.<\/span><\/li>\n<\/ul>\n<ol start=\"2\">\n<li><span style=\"font-size: large;\"><strong> Objeto<\/strong><\/span><\/li>\n<\/ol>\n<p><span style=\"font-size: large;\">Los presentes t\u00e9rminos y condiciones regulan el uso del sitio web <a title=\"t\u00e9rminos y condiciones de uso - eletromecanicamg\" href=\"http:\/\/www.electromecanicamg.com\">www.electromecanicamg.com<\/a> (en adelante, \u00abel Sitio Web\u00bb), propiedad de MANUEL ANTONIO G\u00d3MEZ BALSA, que pone a disposici\u00f3n de los usuarios informaci\u00f3n sobre sus servicios profesionales y comercio al por menor de productos industriales relacionados con el sector de la construcci\u00f3n.<\/span><\/p>\n<ol start=\"3\">\n<li><span style=\"font-size: large;\"><strong> Acceso y Uso del Sitio Web<\/strong><\/span><\/li>\n<\/ol>\n<p><span style=\"font-size: large;\"><strong>3.1. Car\u00e1cter gratuito del acceso<\/strong><\/span><\/p>\n<p><span style=\"font-size: large;\">El acceso al Sitio Web es gratuito para los usuarios, salvo en lo relativo al coste de la conexi\u00f3n a trav\u00e9s de la red de telecomunicaciones suministrada por el proveedor de acceso contratado por los usuarios.<\/span><\/p>\n<p><span style=\"font-size: large;\"><strong>3.2. Registro de usuarios<\/strong><\/span><\/p>\n<p><span style=\"font-size: large;\">Para acceder a determinados servicios, el usuario deber\u00e1 registrarse, proporcionando la informaci\u00f3n que se indique como obligatoria. El usuario deber\u00e1 garantizar la veracidad de los datos proporcionados.<\/span><\/p>\n<p><span style=\"font-size: large;\"><strong>3.3. Obligaciones del usuario<\/strong><\/span><\/p>\n<p><span style=\"font-size: large;\">El usuario se compromete a:<\/span><\/p>\n<ol>\n<li><span style=\"font-size: large;\">No utilizar el Sitio Web para realizar actividades contrarias a la ley, la moral, el orden p\u00fablico o las presentes condiciones.<\/span><\/li>\n<li><span style=\"font-size: large;\">No realizar actos que puedan da\u00f1ar, inutilizar o sobrecargar el Sitio Web.<\/span><\/li>\n<li><span style=\"font-size: large;\">No introducir virus o cualquier otro mecanismo que pueda da\u00f1ar los sistemas inform\u00e1ticos de MANUEL ANTONIO G\u00d3MEZ BALSA o de terceros.<\/span><\/li>\n<li><span style=\"font-size: large;\">No intentar acceder a datos de otros usuarios o \u00e1reas restringidas de los sistemas inform\u00e1ticos de MANUEL ANTONIO G\u00d3MEZ BALSA<\/span><\/li>\n<\/ol>\n<ol start=\"4\">\n<li><span style=\"font-size: large;\"><strong> Propiedad Intelectual e Industrial<\/strong><\/span><\/li>\n<\/ol>\n<p><span style=\"font-size: large;\">Todos los contenidos del Sitio Web (textos, im\u00e1genes, marcas, logotipos, archivos de audio, archivos de software, combinaciones de colores, etc.), as\u00ed como su estructura y dise\u00f1o, son propiedad de MANUEL ANTONIO G\u00d3MEZ BALSA o de sus licenciantes, y est\u00e1n protegidos por las normas de propiedad intelectual e industrial.<\/span><\/p>\n<p><span style=\"font-size: large;\">Queda expresamente prohibida la reproducci\u00f3n, distribuci\u00f3n, comunicaci\u00f3n p\u00fablica y transformaci\u00f3n total o parcial de los contenidos del Sitio Web, con fines comerciales, en cualquier soporte y por cualquier medio t\u00e9cnico, sin la autorizaci\u00f3n expresa y por escrito de MANUEL ANTONIO G\u00d3MEZ BALSA<\/span><\/p>\n<ol start=\"5\">\n<li><span style=\"font-size: large;\"><strong> Responsabilidad<\/strong><\/span><\/li>\n<\/ol>\n<p><span style=\"font-size: large;\"><strong>5.1. Disponibilidad y continuidad<\/strong><\/span><\/p>\n<p><span style=\"font-size: large;\">MANUEL ANTONIO G\u00d3MEZ BALSA no garantiza la disponibilidad y continuidad del funcionamiento del Sitio Web. Cuando sea razonablemente posible, se advertir\u00e1 previamente de las interrupciones en el funcionamiento del Sitio Web.<\/span><\/p>\n<p><span style=\"font-size: large;\"><strong>5.2. Contenidos y servicios<\/strong><\/span><\/p>\n<p><span style=\"font-size: large;\">MANUEL ANTONIO G\u00d3MEZ BALSA no se hace responsable de los da\u00f1os y perjuicios de cualquier naturaleza que puedan deberse a la falta de exactitud, exhaustividad, actualidad, as\u00ed como de errores u omisiones en los contenidos del Sitio Web.<\/span><\/p>\n<ol start=\"6\">\n<li><span style=\"font-size: large;\"><strong> Enlaces<\/strong><\/span><\/li>\n<\/ol>\n<p><span style=\"font-size: large;\"><strong>6.1. Enlaces a otros sitios web<\/strong><\/span><\/p>\n<p><span style=\"font-size: large;\">El Sitio Web puede incluir enlaces a otros sitios web gestionados por terceros. MANUEL ANTONIO G\u00d3MEZ BALSA no ejerce ning\u00fan control sobre estos sitios ni se hace responsable de sus contenidos.<\/span><\/p>\n<p><span style=\"font-size: large;\"><strong>6.2. Enlaces al Sitio Web<\/strong><\/span><\/p>\n<p><span style=\"font-size: large;\">Se permite el establecimiento de enlaces al Sitio Web desde otros sitios web, siempre que:<\/span><\/p>\n<ul>\n<li><span style=\"font-size: large;\">No se reproduzcan total o parcialmente los servicios o contenidos del Sitio Web<\/span><\/li>\n<li><span style=\"font-size: large;\">No se realicen declaraciones o indicaciones falsas, inexactas o incorrectas sobre el Sitio Web<\/span><\/li>\n<li><span style=\"font-size: large;\">No se establezca el enlace desde p\u00e1ginas que contengan contenidos il\u00edcitos o contrarios a la moral y el orden p\u00fablico<\/span><\/li>\n<\/ul>\n<ol start=\"7\">\n<li><span style=\"font-size: large;\"><strong> Protecci\u00f3n de Datos Personales<\/strong><\/span><\/li>\n<\/ol>\n<p><span style=\"font-size: large;\">El tratamiento de datos personales se realiza conforme a lo establecido en la Pol\u00edtica de Privacidad del Sitio Web, que forma parte integrante de estos T\u00e9rminos y Condiciones.<\/span><\/p>\n<ol start=\"8\">\n<li><span style=\"font-size: large;\"><strong> Legislaci\u00f3n Aplicable y Jurisdicci\u00f3n<\/strong><\/span><\/li>\n<\/ol>\n<p><span style=\"font-size: large;\">Las presentes condiciones se regir\u00e1n por la legislaci\u00f3n espa\u00f1ola. Para la resoluci\u00f3n de cualquier controversia que pudiera derivarse se someter\u00e1n a los Juzgados y Tribunales de Vigo, Pontevedra (Espa\u00f1a), con renuncia expresa a cualquier otro fuero que pudiera corresponder.<\/span><\/p>\n<p>[\/et_pb_text][\/et_pb_column][\/et_pb_row][\/et_pb_section]<\/p>\n","protected":false},"excerpt":{"rendered":"<p>Al acceder y utilizar este sitio web, usted acepta estos t\u00e9rminos y condiciones en su totalidad. Si no est\u00e1 de acuerdo con estos t\u00e9rminos y condiciones o cualquier parte de estos t\u00e9rminos y condiciones, no debe utilizar este sitio web. Informaci\u00f3n General En cumplimiento con el art\u00edculo 10 de la Ley 34\/2002, de 11 de [&hellip;]<\/p>\n","protected":false},"author":1,"featured_media":0,"parent":0,"menu_order":8,"comment_status":"closed","ping_status":"closed","template":"","meta":{"_et_pb_use_builder":"on","_et_pb_old_content":"","_et_gb_content_width":"","footnotes":""},"class_list":["post-951","page","type-page","status-publish","hentry"],"_links":{"self":[{"href":"https:\/\/www.electromecanicamg.com\/index.php\/wp-json\/wp\/v2\/pages\/951","targetHints":{"allow":["GET"]}}],"collection":[{"href":"https:\/\/www.electromecanicamg.com\/index.php\/wp-json\/wp\/v2\/pages"}],"about":[{"href":"https:\/\/www.electromecanicamg.com\/index.php\/wp-json\/wp\/v2\/types\/page"}],"author":[{"embeddable":true,"href":"https:\/\/www.electromecanicamg.com\/index.php\/wp-json\/wp\/v2\/users\/1"}],"replies":[{"embeddable":true,"href":"https:\/\/www.electromecanicamg.com\/index.php\/wp-json\/wp\/v2\/comments?post=951"}],"version-history":[{"count":8,"href":"https:\/\/www.electromecanicamg.com\/index.php\/wp-json\/wp\/v2\/pages\/951\/revisions"}],"predecessor-version":[{"id":1409,"href":"https:\/\/www.electromecanicamg.com\/index.php\/wp-json\/wp\/v2\/pages\/951\/revisions\/1409"}],"wp:attachment":[{"href":"https:\/\/www.electromecanicamg.com\/index.php\/wp-json\/wp\/v2\/media?parent=951"}],"curies":[{"name":"wp","href":"https:\/\/api.w.org\/{rel}","templated":true}]}}