{"id":771,"date":"2025-05-12T20:25:34","date_gmt":"2025-05-12T19:25:34","guid":{"rendered":"https:\/\/electromecanicamg.com\/?page_id=771"},"modified":"2025-12-18T14:05:45","modified_gmt":"2025-12-18T13:05:45","slug":"inicio_g1","status":"publish","type":"page","link":"https:\/\/www.electromecanicamg.com\/","title":{"rendered":"Inicio"},"content":{"rendered":"<p>[et_pb_section fb_built=\u00bb1&#8243; admin_label=\u00bbHeader\u00bb _builder_version=\u00bb4.27.4&#8243; _module_preset=\u00bb0e7d6864-b36a-4f5e-ac0b-7b50cabab208&#8243; background_image=\u00bbhttp:\/\/electromecanicamg.com\/wp-content\/uploads\/2025\/05\/electrician-01.jpg\u00bb custom_padding=\u00bb8vw||8vw||true|false\u00bb collapsed=\u00bboff\u00bb global_colors_info=\u00bb{}\u00bb][et_pb_row _builder_version=\u00bb4.27.4&#8243; _module_preset=\u00bbdefault\u00bb global_colors_info=\u00bb{}\u00bb][et_pb_column type=\u00bb4_4&#8243; _builder_version=\u00bb4.27.4&#8243; _module_preset=\u00bbdefault\u00bb global_colors_info=\u00bb{}\u00bb][et_pb_heading title=\u00bbServicios Profesionales \u00bb _builder_version=\u00bb4.27.4&#8243; _module_preset=\u00bba981e6ca-7fd8-45e6-9c38-41ce8df70846&#8243; title_level=\u00bbh2&#8243; title_text_color=\u00bb#FFFFFF\u00bb custom_margin=\u00bb||||false|false\u00bb global_colors_info=\u00bb{}\u00bb][\/et_pb_heading][et_pb_blurb title=\u00bbReparaci\u00f3n de equipos industriales de bombeo de mortero y autonivelantes.\u00bb use_icon=\u00bbon\u00bb font_icon=\u00bb&#xe035;||divi||400&#8243; admin_label=\u00bbReparacion\u00bb _builder_version=\u00bb4.27.4&#8243; _module_preset=\u00bb90869128-698f-4bc2-ab2a-a92f47b88674&#8243; header_level=\u00bbh3&#8243; custom_margin=\u00bb||10px||false|false\u00bb global_colors_info=\u00bb{}\u00bb][\/et_pb_blurb][et_pb_blurb title=\u00bbMantenimiento preventivo programado.\u00bb use_icon=\u00bbon\u00bb font_icon=\u00bb&#xe023;||divi||400&#8243; _builder_version=\u00bb4.27.4&#8243; _module_preset=\u00bb90869128-698f-4bc2-ab2a-a92f47b88674&#8243; header_level=\u00bbh3&#8243; custom_margin=\u00bb||10px||false|false\u00bb global_colors_info=\u00bb{}\u00bb][\/et_pb_blurb][et_pb_blurb title=\u00bbAlquiler de equipos.\u00bb use_icon=\u00bbon\u00bb font_icon=\u00bb&#xe012;||divi||400&#8243; _builder_version=\u00bb4.27.4&#8243; _module_preset=\u00bb90869128-698f-4bc2-ab2a-a92f47b88674&#8243; header_level=\u00bbh3&#8243; custom_margin=\u00bb||10px||false|false\u00bb global_colors_info=\u00bb{}\u00bb][\/et_pb_blurb][et_pb_blurb title=\u00bbVenta de repuestos y accesorios para el sector.\u00bb use_icon=\u00bbon\u00bb font_icon=\u00bb&#xe0e9;||divi||400&#8243; _builder_version=\u00bb4.27.4&#8243; _module_preset=\u00bb90869128-698f-4bc2-ab2a-a92f47b88674&#8243; header_level=\u00bbh3&#8243; custom_margin=\u00bb||10px||false|false\u00bb global_colors_info=\u00bb{}\u00bb][\/et_pb_blurb][\/et_pb_column][\/et_pb_row][\/et_pb_section][et_pb_section fb_built=\u00bb1&#8243; admin_label=\u00bbCategories\u00bb _builder_version=\u00bb4.27.4&#8243; _module_preset=\u00bbdefault\u00bb background_color=\u00bb#000000&#8243; background_image=\u00bbhttps:\/\/www.electromecanicamg.com\/wp-content\/uploads\/2025\/05\/magazine-03.jpg\u00bb collapsed=\u00bboff\u00bb global_colors_info=\u00bb{}\u00bb][et_pb_row column_structure=\u00bb1_2,1_2&#8243; _builder_version=\u00bb4.27.4&#8243; _module_preset=\u00bbdefault\u00bb global_colors_info=\u00bb{}\u00bb][et_pb_column type=\u00bb1_2&#8243; _builder_version=\u00bb4.27.4&#8243; _module_preset=\u00bbbdfa914f-e96b-4ae9-9e4f-3a47c98d9413&#8243; background_color_gradient_direction=\u00bb0deg\u00bb background_color_gradient_stops=\u00bbrgba(255,255,255,0) 0%|gcid-2cd43cbf-436e-43ae-a028-9fc2792b7bb0 100%\u00bb background_image=\u00bbhttp:\/\/electromecanicamg.com\/wp-content\/uploads\/2025\/05\/Mano-de-obra.jpg\u00bb parallax=\u00bbon\u00bb global_colors_info=\u00bb{}\u00bb][et_pb_heading title=\u00bbCompromiso con la Excelencia\u00bb _builder_version=\u00bb4.27.4&#8243; _module_preset=\u00bbbdcef441-71de-4223-b6c3-8b0b1fcf3ff3&#8243; title_level=\u00bbh3&#8243; title_text_color=\u00bb#FFFFFF\u00bb custom_margin=\u00bb||0px||false|false\u00bb global_colors_info=\u00bb{}\u00bb][\/et_pb_heading][et_pb_text _builder_version=\u00bb4.27.4&#8243; _module_preset=\u00bb9141f592-7022-4cc8-95ec-cef5b8f9ad2b\u00bb custom_margin=\u00bb||510px|||\u00bb global_colors_info=\u00bb{}\u00bb]<\/p>\n<p>Estamos convencidos que cada cliente es especial y merece un trato prersonalizado.<\/p>\n<p>[\/et_pb_text][\/et_pb_column][et_pb_column type=\u00bb1_2&#8243; _builder_version=\u00bb4.27.4&#8243; _module_preset=\u00bbbdfa914f-e96b-4ae9-9e4f-3a47c98d9413&#8243; background_color_gradient_direction=\u00bb0deg\u00bb background_color_gradient_stops=\u00bbrgba(255,255,255,0) 0%|gcid-2cd43cbf-436e-43ae-a028-9fc2792b7bb0 100%\u00bb background_image=\u00bbhttp:\/\/electromecanicamg.com\/wp-content\/uploads\/2025\/05\/electrician-03.jpg\u00bb parallax=\u00bbon\u00bb global_colors_info=\u00bb{}\u00bb][et_pb_heading title=\u00bbEquipo Especializado.\u00bb _builder_version=\u00bb4.27.4&#8243; _module_preset=\u00bbbdcef441-71de-4223-b6c3-8b0b1fcf3ff3&#8243; title_level=\u00bbh3&#8243; title_text_color=\u00bb#FFFFFF\u00bb custom_margin=\u00bb||0px||false|false\u00bb locked=\u00bboff\u00bb global_colors_info=\u00bb{}\u00bb][\/et_pb_heading][et_pb_text _builder_version=\u00bb4.27.4&#8243; _module_preset=\u00bb9141f592-7022-4cc8-95ec-cef5b8f9ad2b\u00bb custom_margin=\u00bb||523px|||\u00bb custom_padding=\u00bb||0px|||\u00bb locked=\u00bboff\u00bb global_colors_info=\u00bb{}\u00bb]<\/p>\n<p>Nuestro equipo de profesionales cuenta con muchos a\u00f1os de experiencia y formac\u00edon demostrable en el sector.<\/p>\n<p>[\/et_pb_text][\/et_pb_column][\/et_pb_row][\/et_pb_section][et_pb_section fb_built=\u00bb1&#8243; admin_label=\u00bbServices\u00bb _builder_version=\u00bb4.27.4&#8243; _module_preset=\u00bb0e7d6864-b36a-4f5e-ac0b-7b50cabab208&#8243; background_color_gradient_direction=\u00bb180deg\u00bb background_image=\u00bbhttp:\/\/electromecanicamg.com\/wp-content\/uploads\/2025\/05\/electrician-04.jpg\u00bb parallax=\u00bbon\u00bb collapsed=\u00bboff\u00bb global_colors_info=\u00bb{}\u00bb][et_pb_row _builder_version=\u00bb4.27.4&#8243; _module_preset=\u00bbdefault\u00bb max_width=\u00bb800px\u00bb global_colors_info=\u00bb{}\u00bb][et_pb_column type=\u00bb4_4&#8243; _builder_version=\u00bb4.27.4&#8243; _module_preset=\u00bbdefault\u00bb background_color=\u00bb#0b1926&#8243; global_colors_info=\u00bb{}\u00bb][et_pb_heading title=\u00bb\u00bfListo para empezar? \u00a1Impulsemos tu productividad!\u00bb _builder_version=\u00bb4.27.4&#8243; _module_preset=\u00bb21ae7e20-6439-45cf-825e-3613a21e93ae\u00bb title_level=\u00bbh3&#8243; title_text_align=\u00bbcenter\u00bb title_text_color=\u00bb#FFFFFF\u00bb custom_margin=\u00bb||10px||false|false\u00bb global_colors_info=\u00bb{}\u00bb][\/et_pb_heading][et_pb_text _builder_version=\u00bb4.27.4&#8243; _module_preset=\u00bb9141f592-7022-4cc8-95ec-cef5b8f9ad2b\u00bb text_orientation=\u00bbcenter\u00bb global_colors_info=\u00bb{}\u00bb]<\/p>\n<p><span>Ya sea que necesite una reparaci\u00f3n de urgencia, una instalaci\u00f3n completa o un mantenimiento, nuestro equipo est\u00e1 aqu\u00ed para ayudarle. Nuestros profesionales certificados est\u00e1n listos para brindarle un servicio r\u00e1pido, confiable y profesional.<\/span><\/p>\n<p>[\/et_pb_text][\/et_pb_column][\/et_pb_row][et_pb_row column_structure=\u00bb1_3,1_3,1_3&#8243; use_custom_gutter=\u00bbon\u00bb gutter_width=\u00bb2&#8243; _builder_version=\u00bb4.27.4&#8243; _module_preset=\u00bbdefault\u00bb custom_padding=\u00bb||0px||false|false\u00bb global_colors_info=\u00bb{}\u00bb][et_pb_column type=\u00bb1_3&#8243; _builder_version=\u00bb4.27.4&#8243; _module_preset=\u00bbdefault\u00bb global_colors_info=\u00bb{}\u00bb][et_pb_blurb title=\u00bbMantenimiento Preventivo y Correctivo:\u00bb use_icon=\u00bbon\u00bb font_icon=\u00bb&#xf058;||fa||900&#8243; _builder_version=\u00bb4.27.4&#8243; _module_preset=\u00bb02e5230c-54d3-4af0-9413-8db73729ca8f\u00bb background_color=\u00bb#0b1926&#8243; global_colors_info=\u00bb{%22gcid-primary-color%22:%91%22image_icon_background_color%22,%22icon_color%22%93}\u00bb]<\/p>\n<p>Realizamos mantenimiento integral en equipos de bombeo, asegurando su operatividad y prolongando su vida \u00fatil.<\/p>\n<p>[\/et_pb_blurb][\/et_pb_column][et_pb_column type=\u00bb1_3&#8243; _builder_version=\u00bb4.27.4&#8243; _module_preset=\u00bbdefault\u00bb global_colors_info=\u00bb{}\u00bb][et_pb_blurb title=\u00bb Alquiler de Equipos Industriales:\u00bb use_icon=\u00bbon\u00bb font_icon=\u00bb&#xf058;||fa||900&#8243; _builder_version=\u00bb4.27.4&#8243; _module_preset=\u00bb02e5230c-54d3-4af0-9413-8db73729ca8f\u00bb background_color=\u00bb#0b1926&#8243; locked=\u00bboff\u00bb global_colors_info=\u00bb{%22gcid-primary-color%22:%91%22icon_color%22,%22icon_color%22%93}\u00bb]<\/p>\n<p>Disponemos de un cat\u00e1logo exclusivo de equipos de bombeo para alquiler, adapt\u00e1ndonos a sus necesidades operativas.<\/p>\n<p>[\/et_pb_blurb][\/et_pb_column][et_pb_column type=\u00bb1_3&#8243; _builder_version=\u00bb4.27.4&#8243; _module_preset=\u00bbdefault\u00bb global_colors_info=\u00bb{}\u00bb][et_pb_blurb title=\u00bbVenta de Repuestos y Accesorios:\u00bb use_icon=\u00bbon\u00bb font_icon=\u00bb&#xf058;||fa||900&#8243; _builder_version=\u00bb4.27.4&#8243; _module_preset=\u00bb02e5230c-54d3-4af0-9413-8db73729ca8f\u00bb background_color=\u00bb#0b1926&#8243; locked=\u00bboff\u00bb global_colors_info=\u00bb{%22gcid-primary-color%22:%91%22image_icon_background_color%22,%22icon_color%22,%22image_icon_background_color%22,%22icon_color%22%93}\u00bb]<\/p>\n<p>Ofrecemos repuestos y accesorios de alta calidad que optimizan el funcionamiento de su maquinaria incrementando el tiempo operativo.<\/p>\n<p>[\/et_pb_blurb][\/et_pb_column][\/et_pb_row][et_pb_row column_structure=\u00bb1_3,1_3,1_3&#8243; _builder_version=\u00bb4.27.4&#8243; _module_preset=\u00bbdefault\u00bb max_width=\u00bb1080px\u00bb global_colors_info=\u00bb{}\u00bb][et_pb_column type=\u00bb1_3&#8243; _builder_version=\u00bb4.27.4&#8243; _module_preset=\u00bbdefault\u00bb global_colors_info=\u00bb{}\u00bb][et_pb_blurb title=\u00bbReservar en l\u00ednea\u00bb use_icon=\u00bbon\u00bb font_icon=\u00bb&#xf274;||fa||400&#8243; icon_placement=\u00bbtop\u00bb icon_alignment=\u00bbcenter\u00bb _builder_version=\u00bb4.27.4&#8243; _module_preset=\u00bbb4442bdf-c196-46de-83de-b8a15f540ca6&#8243; background_color=\u00bb#0b1926&#8243; text_orientation=\u00bbcenter\u00bb global_colors_info=\u00bb{}\u00bb]<\/p>\n<p><span>Utilice nuestro formulario en l\u00ednea para concertar una cita.<\/span><\/p>\n<p>[\/et_pb_blurb][et_pb_button button_url=\u00bbhttps:\/\/www.electromecanicamg.com\/index.php\/contactanos\/\u00bb button_text=\u00bbReservar cita\u00bb button_alignment=\u00bbcenter\u00bb _builder_version=\u00bb4.27.4&#8243; _module_preset=\u00bb0057093b-d69a-4fdc-8552-499a8a97eac7&#8243; button_bg_color=\u00bb#0C71C3&#8243; button_border_color=\u00bbRGBA(255,255,255,0)\u00bb button_font=\u00bb||||||||\u00bb global_colors_info=\u00bb{}\u00bb][\/et_pb_button][\/et_pb_column][et_pb_column type=\u00bb1_3&#8243; _builder_version=\u00bb4.27.4&#8243; _module_preset=\u00bbdefault\u00bb global_colors_info=\u00bb{}\u00bb][et_pb_blurb title=\u00bbLl\u00e1manos\u00bb use_icon=\u00bbon\u00bb font_icon=\u00bb&#xf879;||fa||900&#8243; icon_placement=\u00bbtop\u00bb icon_alignment=\u00bbcenter\u00bb _builder_version=\u00bb4.27.4&#8243; _module_preset=\u00bbb4442bdf-c196-46de-83de-b8a15f540ca6&#8243; background_color=\u00bb#0b1926&#8243; text_orientation=\u00bbcenter\u00bb global_colors_info=\u00bb{}\u00bb]<\/p>\n<p>Nuestro horario de atenci\u00f2n es de unes a Viernes de 08am a 05pm.<\/p>\n<p>[\/et_pb_blurb][et_pb_button button_url=\u00bbhttps:\/\/www.electromecanicamg.com\/index.php\/contactanos\/#Telefono\u00bb button_text=\u00bbll\u00e1manos hoy\u00bb button_alignment=\u00bbcenter\u00bb _builder_version=\u00bb4.27.4&#8243; _module_preset=\u00bb0057093b-d69a-4fdc-8552-499a8a97eac7&#8243; button_bg_color=\u00bb#0C71C3&#8243; button_font=\u00bb||||||||\u00bb global_colors_info=\u00bb{}\u00bb][\/et_pb_button][\/et_pb_column][et_pb_column type=\u00bb1_3&#8243; _builder_version=\u00bb4.27.4&#8243; _module_preset=\u00bbdefault\u00bb global_colors_info=\u00bb{}\u00bb][et_pb_blurb title=\u00bbObtenga una cotizaci\u00f3n\u00bb use_icon=\u00bbon\u00bb font_icon=\u00bb&#xe058;||divi||400&#8243; icon_placement=\u00bbtop\u00bb icon_alignment=\u00bbcenter\u00bb _builder_version=\u00bb4.27.4&#8243; _module_preset=\u00bbb4442bdf-c196-46de-83de-b8a15f540ca6&#8243; background_color=\u00bb#0b1926&#8243; text_orientation=\u00bbcenter\u00bb global_colors_info=\u00bb{}\u00bb]<\/p>\n<p><span>\u00bfNo est\u00e1s seguro del costo? Ofrecemos precios transparentes sin cargos ocultos.<\/span><\/p>\n<p>[\/et_pb_blurb][et_pb_button button_url=\u00bbhttps:\/\/www.electromecanicamg.com\/index.php\/contactanos\/\u00bb button_text=\u00bbFormulario en l\u00ednea\u00bb button_alignment=\u00bbcenter\u00bb _builder_version=\u00bb4.27.4&#8243; _module_preset=\u00bb0057093b-d69a-4fdc-8552-499a8a97eac7&#8243; button_bg_color=\u00bb#0C71C3&#8243; button_font=\u00bb||||||||\u00bb global_colors_info=\u00bb{}\u00bb][\/et_pb_button][\/et_pb_column][\/et_pb_row][\/et_pb_section][et_pb_section fb_built=\u00bb1&#8243; admin_label=\u00bbCall to Action\u00bb _builder_version=\u00bb4.27.4&#8243; _module_preset=\u00bbdefault\u00bb use_background_color_gradient=\u00bbon\u00bb background_color_gradient_stops=\u00bbgcid-2cd43cbf-436e-43ae-a028-9fc2792b7bb0 60%|gcid-d70315a6-0bbb-4662-9bf9-a8a3813098f3 60%\u00bb background_last_edited=\u00bboff|tablet\u00bb collapsed=\u00bboff\u00bb global_colors_info=\u00bb{%22gcid-d70315a6-0bbb-4662-9bf9-a8a3813098f3%22:%91%22background_color%22,%22background_color_gradient_stops%22%93,%22gcid-2cd43cbf-436e-43ae-a028-9fc2792b7bb0%22:%91%22background_color_gradient_stops%22%93}\u00bb][et_pb_row column_structure=\u00bb1_2,1_2&#8243; _builder_version=\u00bb4.27.4&#8243; _module_preset=\u00bbdefault\u00bb global_colors_info=\u00bb{}\u00bb][et_pb_column type=\u00bb1_2&#8243; _builder_version=\u00bb4.27.4&#8243; _module_preset=\u00bba7ef23f1-f627-4ecd-806a-02d1f07a1abe\u00bb custom_padding=\u00bb50px|30px|50px|30px|true|true\u00bb global_colors_info=\u00bb{}\u00bb][et_pb_blurb title=\u00bbSatisfacci\u00f3n garantizada\u00bb use_icon=\u00bbon\u00bb font_icon=\u00bb&#xf058;||fa||400&#8243; icon_color=\u00bb#FFFFFF\u00bb icon_placement=\u00bbtop\u00bb _builder_version=\u00bb4.27.4&#8243; _module_preset=\u00bbb4442bdf-c196-46de-83de-b8a15f540ca6&#8243; global_colors_info=\u00bb{}\u00bb]<\/p>\n<p><span>Garantizamos un trabajo de calidad y su completa satisfacci\u00f3n.<\/span><\/p>\n<p>[\/et_pb_blurb][et_pb_button button_text=\u00bbConozca m\u00e1s sobre nosotros\u00bb button_alignment=\u00bbcenter\u00bb _builder_version=\u00bb4.27.4&#8243; _module_preset=\u00bb6e1f9c49-8c5b-4a16-8caa-a9cb30fee5eb\u00bb button_text_color=\u00bb#FFFFFF\u00bb button_bg_color=\u00bb#0C71C3&#8243; background_layout=\u00bbdark\u00bb global_colors_info=\u00bb{}\u00bb][\/et_pb_button][\/et_pb_column][et_pb_column type=\u00bb1_2&#8243; _builder_version=\u00bb4.27.4&#8243; _module_preset=\u00bba7ef23f1-f627-4ecd-806a-02d1f07a1abe\u00bb custom_padding=\u00bb50px|30px|50px|30px|true|true\u00bb global_colors_info=\u00bb{}\u00bb][et_pb_blurb title=\u00bbPregunte por nuestros Servicios\u00bb use_icon=\u00bbon\u00bb font_icon=\u00bb&#x77;||divi||400&#8243; icon_color=\u00bb#FFFFFF\u00bb icon_placement=\u00bbtop\u00bb _builder_version=\u00bb4.27.4&#8243; _module_preset=\u00bbb4442bdf-c196-46de-83de-b8a15f540ca6&#8243; global_colors_info=\u00bb{}\u00bb]<\/p>\n<p><span>Estamos disponibles para resolver sus dudas.<\/span><\/p>\n<p>[\/et_pb_blurb][et_pb_button button_text=\u00bbCONTACTANOS : (+34) 666-625-866&#8243; button_alignment=\u00bbcenter\u00bb _builder_version=\u00bb4.27.4&#8243; _module_preset=\u00bb6e1f9c49-8c5b-4a16-8caa-a9cb30fee5eb\u00bb button_text_color=\u00bb#FFFFFF\u00bb button_bg_color=\u00bb#0C71C3&#8243; global_colors_info=\u00bb{}\u00bb][\/et_pb_button][\/et_pb_column][\/et_pb_row][\/et_pb_section][et_pb_section fb_built=\u00bb1&#8243; admin_label=\u00bbFAQ\u00bb _builder_version=\u00bb4.27.4&#8243; _module_preset=\u00bbdefault\u00bb collapsed=\u00bboff\u00bb global_colors_info=\u00bb{}\u00bb][et_pb_row _builder_version=\u00bb4.27.4&#8243; _module_preset=\u00bbdefault\u00bb max_width=\u00bb800px\u00bb locked=\u00bboff\u00bb global_colors_info=\u00bb{}\u00bb][et_pb_column type=\u00bb4_4&#8243; _builder_version=\u00bb4.27.4&#8243; _module_preset=\u00bbdefault\u00bb global_colors_info=\u00bb{}\u00bb][et_pb_heading title=\u00bbelementos que nos distinguen\u00bb _builder_version=\u00bb4.27.4&#8243; _module_preset=\u00bb8034c4aa-0cc1-4d2b-8026-f7fbd8768c03&#8243; title_text_align=\u00bbcenter\u00bb title_text_color=\u00bb#FFFFFF\u00bb title_font_size=\u00bb32px\u00bb global_colors_info=\u00bb{}\u00bb][\/et_pb_heading][et_pb_heading title=\u00bbEN QUE NOS DIFERENCIAMOS\u00bb _builder_version=\u00bb4.27.4&#8243; _module_preset=\u00bb21ae7e20-6439-45cf-825e-3613a21e93ae\u00bb title_level=\u00bbh4&#8243; title_text_align=\u00bbcenter\u00bb title_text_color=\u00bb#FFFFFF\u00bb title_font_size=\u00bb18px\u00bb custom_margin=\u00bb||10px||false|false\u00bb global_colors_info=\u00bb{}\u00bb][\/et_pb_heading][et_pb_accordion open_toggle_text_color=\u00bb#FFFFFF\u00bb _builder_version=\u00bb4.27.4&#8243; _module_preset=\u00bb7105e6a7-4bce-4678-8848-797511c4fd00&#8243; toggle_text_color=\u00bb#FFFFFF\u00bb global_colors_info=\u00bb{%22gcid-primary-color%22:%91%22body_quote_text_color%22,%22body_quote_text_color%22,%22body_quote_text_color%22,%22body_quote_text_color%22,%22body_quote_text_color%22%93,%22gcid-secondary-color%22:%91%22icon_color%22,%22icon_color%22,%22icon_color%22,%22icon_color%22,%22icon_color%22%93,%22gcid-heading-color%22:%91%22toggle_text_color%22%93}\u00bb][et_pb_accordion_item title=\u00bbCompromiso con la Excelencia\u00bb open=\u00bbon\u00bb open_toggle_text_color=\u00bb#FFFFFF\u00bb _builder_version=\u00bb4.27.4&#8243; _module_preset=\u00bbdefault\u00bb body_text_color=\u00bb#FFFFFF\u00bb background_color=\u00bb#0b1926&#8243; background_enable_color=\u00bbon\u00bb global_colors_info=\u00bb{}\u00bb toggle_text_color=\u00bb#FFFFFF\u00bb]<\/p>\n<p>Nos enfocamos en ofrecer un servicio que supere las expectativas de nuestros clientes, garantizando soluciones eficientes y sostenibles en toda Espa\u00f1a.<\/p>\n<p>[\/et_pb_accordion_item][et_pb_accordion_item title=\u00bbVocaci\u00f3n de Servicio\u00bb open_toggle_text_color=\u00bb#FFFFFF\u00bb _builder_version=\u00bb4.27.4&#8243; _module_preset=\u00bbdefault\u00bb body_text_color=\u00bb#FFFFFF\u00bb background_color=\u00bb#0b1926&#8243; background_enable_color=\u00bbon\u00bb global_colors_info=\u00bb{}\u00bb toggle_text_color=\u00bb#FFFFFF\u00bb open=\u00bboff\u00bb]<\/p>\n<p><span style=\"color: rgba(255, 255, 255, 0.72);\">Nuestros principios est\u00e1n fundamentados en una gran vocaci\u00f3n de servicio, alto nivel de \u00e9tica profesional, con un enfoque en la mejora continua.<\/span><\/p>\n<p><span style=\"color: rgba(255, 255, 255, 0.72);\">Estamos convencidos que cada cliente es especial y unico, por eso cuidamos cada aspecto del servicio que ofrecemos y lo adaptamos a las necesidades del cliente para mejorar la experiencia que recibe.<\/span><\/p>\n<p>[\/et_pb_accordion_item][et_pb_accordion_item title=\u00bbVentaja Competitiva\u00bb open_toggle_text_color=\u00bb#FFFFFF\u00bb _builder_version=\u00bb4.27.4&#8243; _module_preset=\u00bbdefault\u00bb body_text_color=\u00bb#FFFFFF\u00bb background_color=\u00bb#0b1926&#8243; background_enable_color=\u00bbon\u00bb global_colors_info=\u00bb{}\u00bb toggle_text_color=\u00bb#FFFFFF\u00bb open=\u00bboff\u00bb]<\/p>\n<p>Nos destacamos en el mercado por nuestra vasta experiencia y conocimientos especializados en el mantenimiento y reparaci\u00f3n de equipos industriales.<\/p>\n<p>[\/et_pb_accordion_item][et_pb_accordion_item title=\u00bbExperiencia Comprobable\u00bb open_toggle_text_color=\u00bb#FFFFFF\u00bb _builder_version=\u00bb4.27.4&#8243; _module_preset=\u00bbdefault\u00bb body_text_color=\u00bb#FFFFFF\u00bb background_color=\u00bb#0b1926&#8243; background_enable_color=\u00bbon\u00bb global_colors_info=\u00bb{}\u00bb toggle_text_color=\u00bb#FFFFFF\u00bb open=\u00bboff\u00bb]<\/p>\n<p>Electromec\u00e1nica MG, luego de muchos a\u00f1os de experiencia en el sector, ha perfeccionado sus servicios para ofrecer un enfoque personalizado y eficiente. Nuestro compromiso con la calidad y la innovaci\u00f3n nos permite estar a la vanguardia de las soluciones tecnol\u00f3gicas, garantizando que nuestros clientes reciban un servicio que no solo cumple, sino que supera sus expectativas.<\/p>\n<p>[\/et_pb_accordion_item][et_pb_accordion_item title=\u00bbConocimientos Especializados\u00bb open_toggle_text_color=\u00bb#FFFFFF\u00bb _builder_version=\u00bb4.27.4&#8243; _module_preset=\u00bbdefault\u00bb body_text_color=\u00bb#FFFFFF\u00bb background_color=\u00bb#0b1926&#8243; background_enable_color=\u00bbon\u00bb global_colors_info=\u00bb{}\u00bb toggle_text_color=\u00bb#FFFFFF\u00bb open=\u00bboff\u00bb]<\/p>\n<p>Nuestro equipo est\u00e1 compuesto por profesionales con una formaci\u00f3n s\u00f3lida y continua en las \u00e1reas de electricidad, electr\u00f3nica, mec\u00e1nica, hidr\u00e1ulica y neum\u00e1tica. Esta especializaci\u00f3n nos permite abordar cualquier desaf\u00edo t\u00e9cnico con confianza y precisi\u00f3n, asegurando resultados \u00f3ptimos en cada intervenci\u00f3n.<\/p>\n<p>[\/et_pb_accordion_item][et_pb_accordion_item title=\u00bbEquipo Especializado\u00bb open_toggle_text_color=\u00bb#FFFFFF\u00bb _builder_version=\u00bb4.27.4&#8243; _module_preset=\u00bbdefault\u00bb body_text_color=\u00bb#FFFFFF\u00bb background_color=\u00bb#0b1926&#8243; background_enable_color=\u00bbon\u00bb global_colors_info=\u00bb{}\u00bb toggle_text_color=\u00bb#FFFFFF\u00bb open=\u00bboff\u00bb]<\/p>\n<p>Nuestro equipo t\u00e9cnico, altamente capacitado en electricidad, electr\u00f3nica, mec\u00e1nica hidr\u00e1ulica y neum\u00e1tica, nos permite ofrecer soluciones integrales y adaptadas a las necesidades espec\u00edficas de cada cliente. Esta combinaci\u00f3n \u00fanica de habilidades nos posiciona como l\u00edderes en el sector, asegurando que cada pieza de maquinaria reciba el cuidado y atenci\u00f3n que merece, prolongando su vida \u00fatil y optimizando su rendimiento.<\/p>\n<p>[\/et_pb_accordion_item][\/et_pb_accordion][\/et_pb_column][\/et_pb_row][\/et_pb_section]<\/p>\n","protected":false},"excerpt":{"rendered":"<p>Estamos convencidos que cada cliente es especial y merece un trato prersonalizado.Nuestro equipo de profesionales cuenta con muchos a\u00f1os de experiencia y formac\u00edon demostrable en el sector.Ya sea que necesite una reparaci\u00f3n de urgencia, una instalaci\u00f3n completa o un mantenimiento, nuestro equipo est\u00e1 aqu\u00ed para ayudarle. Nuestros profesionales certificados est\u00e1n listos para brindarle un servicio [&hellip;]<\/p>\n","protected":false},"author":1,"featured_media":0,"parent":0,"menu_order":1,"comment_status":"closed","ping_status":"closed","template":"","meta":{"_et_pb_use_builder":"on","_et_pb_old_content":"","_et_gb_content_width":"","footnotes":""},"class_list":["post-771","page","type-page","status-publish","hentry"],"_links":{"self":[{"href":"https:\/\/www.electromecanicamg.com\/index.php\/wp-json\/wp\/v2\/pages\/771","targetHints":{"allow":["GET"]}}],"collection":[{"href":"https:\/\/www.electromecanicamg.com\/index.php\/wp-json\/wp\/v2\/pages"}],"about":[{"href":"https:\/\/www.electromecanicamg.com\/index.php\/wp-json\/wp\/v2\/types\/page"}],"author":[{"embeddable":true,"href":"https:\/\/www.electromecanicamg.com\/index.php\/wp-json\/wp\/v2\/users\/1"}],"replies":[{"embeddable":true,"href":"https:\/\/www.electromecanicamg.com\/index.php\/wp-json\/wp\/v2\/comments?post=771"}],"version-history":[{"count":98,"href":"https:\/\/www.electromecanicamg.com\/index.php\/wp-json\/wp\/v2\/pages\/771\/revisions"}],"predecessor-version":[{"id":1689,"href":"https:\/\/www.electromecanicamg.com\/index.php\/wp-json\/wp\/v2\/pages\/771\/revisions\/1689"}],"wp:attachment":[{"href":"https:\/\/www.electromecanicamg.com\/index.php\/wp-json\/wp\/v2\/media?parent=771"}],"curies":[{"name":"wp","href":"https:\/\/api.w.org\/{rel}","templated":true}]}}