{"id":484,"date":"2025-05-18T16:11:06","date_gmt":"2025-05-18T15:11:06","guid":{"rendered":"https:\/\/electromecanicamg.com\/?page_id=484"},"modified":"2025-05-25T01:44:41","modified_gmt":"2025-05-24T23:44:41","slug":"politica-de-devoluciones-y-reembolsos","status":"publish","type":"page","link":"https:\/\/www.electromecanicamg.com\/index.php\/politica-de-devoluciones-y-reembolsos\/","title":{"rendered":"Pol\u00edtica de devoluciones y reembolsos"},"content":{"rendered":"<p>[et_pb_section fb_built=\u00bb1&#8243; admin_label=\u00bbCall to Action\u00bb _builder_version=\u00bb4.27.4&#8243; _module_preset=\u00bbdefault\u00bb collapsed=\u00bbon\u00bb global_colors_info=\u00bb{}\u00bb][et_pb_row column_structure=\u00bb1_2,1_2&#8243; _builder_version=\u00bb4.27.4&#8243; _module_preset=\u00bbdefault\u00bb global_colors_info=\u00bb{}\u00bb][et_pb_column type=\u00bb1_2&#8243; _builder_version=\u00bb4.27.4&#8243; _module_preset=\u00bbdefault\u00bb global_colors_info=\u00bb{}\u00bb][et_pb_image src=\u00bbhttps:\/\/www.electromecanicamg.com\/wp-content\/uploads\/2025\/05\/LSSI-y-LOPDGDD.png\u00bb alt=\u00bbLaw\u00bb title_text=\u00bbLSSI y LOPDGDD\u00bb _builder_version=\u00bb4.27.4&#8243; _module_preset=\u00bbdefault\u00bb custom_margin=\u00bb|9px||||\u00bb custom_padding=\u00bb|2px||||\u00bb global_colors_info=\u00bb{}\u00bb][\/et_pb_image][\/et_pb_column][et_pb_column type=\u00bb1_2&#8243; _builder_version=\u00bb4.27.4&#8243; _module_preset=\u00bbdefault\u00bb global_colors_info=\u00bb{}\u00bb][et_pb_heading title=\u00bbPol\u00edtica de devoluciones y reembolsos\u00bb _builder_version=\u00bb4.27.4&#8243; _module_preset=\u00bb0c270147-905f-41d9-a333-eab46e7266e7&#8243; title_text_color=\u00bb#FFFFFF\u00bb custom_margin=\u00bb||10px||false|false\u00bb global_colors_info=\u00bb{}\u00bb][\/et_pb_heading][et_pb_heading title=\u00bbnuestro sitio web es:   http:\/\/electromecanicamg.com\u00bb _builder_version=\u00bb4.27.4&#8243; _module_preset=\u00bb0c270147-905f-41d9-a333-eab46e7266e7&#8243; title_level=\u00bbh3&#8243; title_text_color=\u00bb#FFFFFF\u00bb title_font_size=\u00bb14px\u00bb custom_margin=\u00bb||10px||false|false\u00bb global_colors_info=\u00bb{}\u00bb][\/et_pb_heading][et_pb_heading title=\u00bbEn cumplimiento de las normativas de la Ley de Servicios de la Sociedad de la Informaci\u00f3n (LSSI) y la Ley Org\u00e1nica de Protecci\u00f3n de Datos de Car\u00e1cter Personal y garant\u00eda de los derechos digitales (LOPDGDD).\u00bb _builder_version=\u00bb4.27.4&#8243; _module_preset=\u00bb0c270147-905f-41d9-a333-eab46e7266e7&#8243; title_level=\u00bbh4&#8243; title_text_color=\u00bb#FFFFFF\u00bb title_font_size=\u00bb14px\u00bb custom_margin=\u00bb||10px||false|false\u00bb global_colors_info=\u00bb{}\u00bb][\/et_pb_heading][et_pb_text _builder_version=\u00bb4.27.4&#8243; _module_preset=\u00bbdefault\u00bb text_text_color=\u00bb#FFFFFF\u00bb hover_enabled=\u00bb0&#8243; global_colors_info=\u00bb{}\u00bb sticky_enabled=\u00bb0&#8243;]<\/p>\n<p><strong>Descripci\u00f3n general<\/strong><\/p>\n<ul>\n<li><strong>Denominaci\u00f3n social:\u00a0 <\/strong>MANUEL ANTONIO G\u00d3MEZ BALSA<\/li>\n<li><strong>Nombre Comercial:<\/strong>\u00a0electromecanicamg.<\/li>\n<li><strong>Domicilio Social:<\/strong>\u00a0Calle Canario 18, 3\u00baA, 36205, Vigo, Pontevedra, Espa\u00f1a.<\/li>\n<li><strong>CIF\/NIF:<\/strong>\u00a076934293Y.<\/li>\n<li><strong>Tel\u00e9fono:<\/strong>\u00a0+34 666 266 087.<\/li>\n<\/ul>\n<ul>\n<li><strong>Email: <\/strong><a title=\"email pol\u00edtica de devoluciones electromecanicamg\" href=\"mailto:electromecanicagomez2023@gmail.com\">electromecanicagomez2023@gmail.com<\/a><\/li>\n<\/ul>\n<p>&nbsp;<\/p>\n<p>Nuestra pol\u00edtica de reembolsos y devoluciones tiene una duraci\u00f3n de 14 d\u00edas. Si han transcurrido m\u00e1s de 14 d\u00edas desde su compra, no podemos ofrecerle un reembolso completo ni un cambio.<\/p>\n<p>Para poder devolver el art\u00edculo, este debe estar sin usar y en las mismas condiciones en que lo recibi\u00f3. Tambi\u00e9n debe estar en su embalaje original.<\/p>\n<p>Varios tipos de productos est\u00e1n exentos de devoluci\u00f3n. Los productos perecederos, como alimentos, flores, peri\u00f3dicos o revistas, no se pueden devolver. Tampoco aceptamos productos de higiene \u00edntima, materiales peligrosos ni l\u00edquidos o gases inflamables.<\/p>\n<p>Art\u00edculos adicionales no retornables:<\/p>\n<ul>\n<li>Tarjetas de regalo<\/li>\n<li>Productos de software descargables<\/li>\n<li>Algunos art\u00edculos de salud y cuidado personal<\/li>\n<\/ul>\n<p>Para completar su devoluci\u00f3n, necesitamos un recibo o comprobante de compra.<\/p>\n<p>Por favor, no env\u00ede su compra de vuelta al fabricante.<\/p>\n<p>Existen determinadas situaciones en las que s\u00f3lo se conceden reembolsos parciales:<\/p>\n<ul>\n<li>Libro con evidentes signos de uso<\/li>\n<li>CD, DVD, cinta VHS, software, videojuego, cinta de casete o disco de vinilo que haya sido abierto.<\/li>\n<li>Cualquier art\u00edculo que no se encuentre en su condici\u00f3n original, que est\u00e9 da\u00f1ado o le falten piezas por razones que no se deben a nuestro error.<\/li>\n<li>Cualquier art\u00edculo que se devuelva m\u00e1s de 30 d\u00edas despu\u00e9s de la entrega.<\/li>\n<\/ul>\n<p><strong>Reembolsos<\/strong><\/p>\n<p>Una vez recibida e inspeccionada su devoluci\u00f3n, le enviaremos un correo electr\u00f3nico para notificarle que hemos recibido el art\u00edculo devuelto. Tambi\u00e9n le notificaremos si su reembolso ha sido aprobado o rechazado.<\/p>\n<p>Si es aprobado, se procesar\u00e1 su reembolso y se aplicar\u00e1 autom\u00e1ticamente un cr\u00e9dito a su tarjeta de cr\u00e9dito o m\u00e9todo de pago original, dentro de una cierta cantidad de d\u00edas.<\/p>\n<p><strong>Reembolsos tard\u00edos o faltantes<\/strong><\/p>\n<p>Si a\u00fan no ha recibido un reembolso, primero revise nuevamente su cuenta bancaria.<\/p>\n<p>Luego, comun\u00edquese con la compa\u00f1\u00eda de su tarjeta de cr\u00e9dito; puede tomar alg\u00fan tiempo antes de que su reembolso se publique oficialmente.<\/p>\n<p>A continuaci\u00f3n, contacte a su banco. Suele haber un tiempo de procesamiento antes de que se publique el reembolso.<\/p>\n<p>Si ha hecho todo esto y a\u00fan no ha recibido su reembolso, comun\u00edquese con nosotros a {direcci\u00f3n de correo electr\u00f3nico}.<\/p>\n<p><strong>Art\u00edculos en oferta<\/strong><\/p>\n<p>Solo se reembolsan los art\u00edculos a precio regular. Los art\u00edculos en oferta no.<\/p>\n<p><strong>Intercambios<\/strong><\/p>\n<p>Solo reemplazamos art\u00edculos defectuosos o da\u00f1ados. Si necesita cambiarlo por el mismo art\u00edculo, env\u00edenos un correo electr\u00f3nico a {direcci\u00f3n de correo electr\u00f3nico} y env\u00ede su art\u00edculo a: {direcci\u00f3n f\u00edsica}.<\/p>\n<p><strong>Regalos<\/strong><\/p>\n<p>Si el art\u00edculo se marc\u00f3 como regalo al comprarlo y se le envi\u00f3 directamente, recibir\u00e1 un cr\u00e9dito de regalo por el valor de su devoluci\u00f3n. Una vez recibido el art\u00edculo devuelto, se le enviar\u00e1 un certificado de regalo por correo.<\/p>\n<p>Si el art\u00edculo no fue marcado como regalo cuando se compr\u00f3, o si quien realiz\u00f3 el regalo envi\u00f3 el pedido a su propia casa para entreg\u00e1rselo m\u00e1s tarde, le enviaremos un reembolso al quien realiz\u00f3 el regalo y \u00e9l se enterar\u00e1 de su devoluci\u00f3n.<\/p>\n<p><strong>Devoluciones de env\u00edo<\/strong><\/p>\n<p>Para devolver su producto, debe enviarlo por correo a: {direcci\u00f3n f\u00edsica}.<\/p>\n<p>Usted ser\u00e1 responsable de pagar los gastos de env\u00edo para la devoluci\u00f3n de su art\u00edculo. Los gastos de env\u00edo no son reembolsables. Si recibe un reembolso, el coste del env\u00edo de la devoluci\u00f3n se deducir\u00e1 de su reembolso.<\/p>\n<p>Dependiendo de d\u00f3nde usted viva, el tiempo que pueda tardar en llegarle el producto cambiado puede variar.<\/p>\n<p>Si devuelve art\u00edculos m\u00e1s caros, puede considerar usar un servicio de env\u00edo con seguimiento o contratar un seguro de env\u00edo. No garantizamos la recepci\u00f3n del art\u00edculo devuelto.<\/p>\n<p><strong>Preguntas frecuentes<\/strong><\/p>\n<ul>\n<li>\u00bfCu\u00e1nto puede tardar el cliente en solicitar su cambio?\u00a0todo producto adquirido en Espa\u00f1a debe poder ser devuelto en\u00a0un plazo m\u00e1ximo de 14 d\u00edas.<\/li>\n<\/ul>\n<ul>\n<li>\u00bfQui\u00e9n se hace cargo de los costes?\u00a0 los costes de env\u00edo por devoci\u00f3n ser\u00e1n a cargo del cliente, en caso de excepciones particulares se evaluar\u00e1 la situaci\u00f3n previa comunicaci\u00f3n con el cliente.<\/li>\n<\/ul>\n<p>[\/et_pb_text][\/et_pb_column][\/et_pb_row][\/et_pb_section]<\/p>\n","protected":false},"excerpt":{"rendered":"<p>Descripci\u00f3n general Denominaci\u00f3n social:\u00a0 MANUEL ANTONIO G\u00d3MEZ BALSA Nombre Comercial:\u00a0electromecanicamg. Domicilio Social:\u00a0Calle Canario 18, 3\u00baA, 36205, Vigo, Pontevedra, Espa\u00f1a. CIF\/NIF:\u00a076934293Y. Tel\u00e9fono:\u00a0+34 666 266 087. Email: electromecanicagomez2023@gmail.com &nbsp; Nuestra pol\u00edtica de reembolsos y devoluciones tiene una duraci\u00f3n de 14 d\u00edas. Si han transcurrido m\u00e1s de 14 d\u00edas desde su compra, no podemos ofrecerle un reembolso completo [&hellip;]<\/p>\n","protected":false},"author":1,"featured_media":0,"parent":0,"menu_order":10,"comment_status":"closed","ping_status":"closed","template":"","meta":{"_et_pb_use_builder":"on","_et_pb_old_content":"<!-- wp:paragraph -->\n<p><b>This is a sample page.<\/b><\/p>\n<!-- \/wp:paragraph -->\n\n<!-- wp:heading -->\n<h2 class=\"wp-block-heading\">Overview<\/h2>\n<!-- \/wp:heading -->\n\n<!-- wp:paragraph -->\n<p>Our refund and returns policy lasts 30 days. If 30 days have passed since your purchase, we can\u2019t offer you a full refund or exchange.<\/p>\n<!-- \/wp:paragraph -->\n\n<!-- wp:paragraph -->\n<p>To be eligible for a return, your item must be unused and in the same condition that you received it. It must also be in the original packaging.<\/p>\n<!-- \/wp:paragraph -->\n\n<!-- wp:paragraph -->\n<p>Several types of goods are exempt from being returned. Perishable goods such as food, flowers, newspapers or magazines cannot be returned. We also do not accept products that are intimate or sanitary goods, hazardous materials, or flammable liquids or gases.<\/p>\n<!-- \/wp:paragraph -->\n\n<!-- wp:paragraph -->\n<p>Additional non-returnable items:<\/p>\n<!-- \/wp:paragraph -->\n\n<!-- wp:list -->\n<ul>\n<li>Gift cards<\/li>\n<li>Downloadable software products<\/li>\n<li>Some health and personal care items<\/li>\n<\/ul>\n<!-- \/wp:list -->\n\n<!-- wp:paragraph -->\n<p>To complete your return, we require a receipt or proof of purchase.<\/p>\n<!-- \/wp:paragraph -->\n\n<!-- wp:paragraph -->\n<p>Please do not send your purchase back to the manufacturer.<\/p>\n<!-- \/wp:paragraph -->\n\n<!-- wp:paragraph -->\n<p>There are certain situations where only partial refunds are granted:<\/p>\n<!-- \/wp:paragraph -->\n\n<!-- wp:list -->\n<ul>\n<li>Book with obvious signs of use<\/li>\n<li>CD, DVD, VHS tape, software, video game, cassette tape, or vinyl record that has been opened.<\/li>\n<li>Any item not in its original condition, is damaged or missing parts for reasons not due to our error.<\/li>\n<li>Any item that is returned more than 30 days after delivery<\/li>\n<\/ul>\n<!-- \/wp:list -->\n\n<!-- wp:heading -->\n<h2 class=\"wp-block-heading\">Refunds<\/h2>\n<!-- \/wp:heading -->\n\n<!-- wp:paragraph -->\n<p>Once your return is received and inspected, we will send you an email to notify you that we have received your returned item. We will also notify you of the approval or rejection of your refund.<\/p>\n<!-- \/wp:paragraph -->\n\n<!-- wp:paragraph -->\n<p>If you are approved, then your refund will be processed, and a credit will automatically be applied to your credit card or original method of payment, within a certain amount of days.<\/p>\n<!-- \/wp:paragraph -->\n\n<!-- wp:heading -->\n<h3 class=\"wp-block-heading\">Late or missing refunds<\/h3>\n<!-- \/wp:heading -->\n\n<!-- wp:paragraph -->\n<p>If you haven\u2019t received a refund yet, first check your bank account again.<\/p>\n<!-- \/wp:paragraph -->\n\n<!-- wp:paragraph -->\n<p>Then contact your credit card company, it may take some time before your refund is officially posted.<\/p>\n<!-- \/wp:paragraph -->\n\n<!-- wp:paragraph -->\n<p>Next contact your bank. There is often some processing time before a refund is posted.<\/p>\n<!-- \/wp:paragraph -->\n\n<!-- wp:paragraph -->\n<p>If you\u2019ve done all of this and you still have not received your refund yet, please contact us at {email address}.<\/p>\n<!-- \/wp:paragraph -->\n\n<!-- wp:heading -->\n<h3 class=\"wp-block-heading\">Sale items<\/h3>\n<!-- \/wp:heading -->\n\n<!-- wp:paragraph -->\n<p>Only regular priced items may be refunded. Sale items cannot be refunded.<\/p>\n<!-- \/wp:paragraph -->\n\n<!-- wp:heading -->\n<h2 class=\"wp-block-heading\">Exchanges<\/h2>\n<!-- \/wp:heading -->\n\n<!-- wp:paragraph -->\n<p>We only replace items if they are defective or damaged. If you need to exchange it for the same item, send us an email at {email address} and send your item to: {physical address}.<\/p>\n<!-- \/wp:paragraph -->\n\n<!-- wp:heading -->\n<h2 class=\"wp-block-heading\">Gifts<\/h2>\n<!-- \/wp:heading -->\n\n<!-- wp:paragraph -->\n<p>If the item was marked as a gift when purchased and shipped directly to you, you\u2019ll receive a gift credit for the value of your return. Once the returned item is received, a gift certificate will be mailed to you.<\/p>\n<!-- \/wp:paragraph -->\n\n<!-- wp:paragraph -->\n<p>If the item wasn\u2019t marked as a gift when purchased, or the gift giver had the order shipped to themselves to give to you later, we will send a refund to the gift giver and they will find out about your return.<\/p>\n<!-- \/wp:paragraph -->\n\n<!-- wp:heading -->\n<h2 class=\"wp-block-heading\">Shipping returns<\/h2>\n<!-- \/wp:heading -->\n\n<!-- wp:paragraph -->\n<p>To return your product, you should mail your product to: {physical address}.<\/p>\n<!-- \/wp:paragraph -->\n\n<!-- wp:paragraph -->\n<p>You will be responsible for paying for your own shipping costs for returning your item. Shipping costs are non-refundable. If you receive a refund, the cost of return shipping will be deducted from your refund.<\/p>\n<!-- \/wp:paragraph -->\n\n<!-- wp:paragraph -->\n<p>Depending on where you live, the time it may take for your exchanged product to reach you may vary.<\/p>\n<!-- \/wp:paragraph -->\n\n<!-- wp:paragraph -->\n<p>If you are returning more expensive items, you may consider using a trackable shipping service or purchasing shipping insurance. We don\u2019t guarantee that we will receive your returned item.<\/p>\n<!-- \/wp:paragraph -->\n\n<!-- wp:heading -->\n<h2 class=\"wp-block-heading\">Need help?<\/h2>\n<!-- \/wp:heading -->\n\n<!-- wp:paragraph -->\n<p>Contact us at {email} for questions related to refunds and returns.<\/p>\n<!-- \/wp:paragraph -->","_et_gb_content_width":"","footnotes":""},"class_list":["post-484","page","type-page","status-publish","hentry"],"_links":{"self":[{"href":"https:\/\/www.electromecanicamg.com\/index.php\/wp-json\/wp\/v2\/pages\/484","targetHints":{"allow":["GET"]}}],"collection":[{"href":"https:\/\/www.electromecanicamg.com\/index.php\/wp-json\/wp\/v2\/pages"}],"about":[{"href":"https:\/\/www.electromecanicamg.com\/index.php\/wp-json\/wp\/v2\/types\/page"}],"author":[{"embeddable":true,"href":"https:\/\/www.electromecanicamg.com\/index.php\/wp-json\/wp\/v2\/users\/1"}],"replies":[{"embeddable":true,"href":"https:\/\/www.electromecanicamg.com\/index.php\/wp-json\/wp\/v2\/comments?post=484"}],"version-history":[{"count":9,"href":"https:\/\/www.electromecanicamg.com\/index.php\/wp-json\/wp\/v2\/pages\/484\/revisions"}],"predecessor-version":[{"id":1412,"href":"https:\/\/www.electromecanicamg.com\/index.php\/wp-json\/wp\/v2\/pages\/484\/revisions\/1412"}],"wp:attachment":[{"href":"https:\/\/www.electromecanicamg.com\/index.php\/wp-json\/wp\/v2\/media?parent=484"}],"curies":[{"name":"wp","href":"https:\/\/api.w.org\/{rel}","templated":true}]}}