{"id":16,"date":"2024-10-27T18:18:36","date_gmt":"2024-10-27T17:18:36","guid":{"rendered":"https:\/\/electromecanicamg.com\/?page_id=16"},"modified":"2025-06-19T21:59:36","modified_gmt":"2025-06-19T19:59:36","slug":"sobre_nosotros","status":"publish","type":"page","link":"https:\/\/www.electromecanicamg.com\/index.php\/sobre_nosotros\/","title":{"rendered":"Sobre Nosotros"},"content":{"rendered":"<p>[et_pb_section fb_built=\u00bb1&#8243; admin_label=\u00bbAbout\u00bb module_id=\u00bbsobre-nuestra-vision\u00bb _builder_version=\u00bb4.27.4&#8243; _module_preset=\u00bbdefault\u00bb background_color=\u00bbgcid-2cd43cbf-436e-43ae-a028-9fc2792b7bb0&#8243; background_enable_image=\u00bboff\u00bb collapsed=\u00bbon\u00bb global_colors_info=\u00bb{%22gcid-2cd43cbf-436e-43ae-a028-9fc2792b7bb0%22:%91%22background_color%22%93}\u00bb][et_pb_row column_structure=\u00bb1_2,1_2&#8243; _builder_version=\u00bb4.25.1&#8243; _module_preset=\u00bbdefault\u00bb global_colors_info=\u00bb{}\u00bb][et_pb_column type=\u00bb1_2&#8243; _builder_version=\u00bb4.25.1&#8243; _module_preset=\u00bbdefault\u00bb global_colors_info=\u00bb{}\u00bb][et_pb_heading title=\u00bbNuestra Visi\u00f3n\u00bb _builder_version=\u00bb4.27.4&#8243; _module_preset=\u00bbc33f07d9-41e0-421a-8799-5799df695cce\u00bb title_text_align=\u00bbcenter\u00bb title_text_color=\u00bb#FFFFFF\u00bb background_color=\u00bb#0b1926&#8243; global_colors_info=\u00bb{}\u00bb][\/et_pb_heading][et_pb_text _builder_version=\u00bb4.27.4&#8243; _module_preset=\u00bb2c55a9c4-feed-423b-9edb-ae0b5b365cac\u00bb text_text_color=\u00bb#FFFFFF\u00bb background_color=\u00bb#0b1926&#8243; global_colors_info=\u00bb{%22gcid-primary-color%22:%91%22link_text_color%22%93,%22gcid-heading-color%22:%91%22header_text_color%22,%22header_4_text_color%22,%22header_3_text_color%22,%22header_2_text_color%22,%22header_5_text_color%22,%22header_6_text_color%22,%22quote_text_color%22%93,%22gcid-secondary-color%22:%91%22quote_border_color%22%93}\u00bb]<\/p>\n<p style=\"text-align: center;\">Desde nuestros inicios, Electromec\u00e1nica MG ha sido sin\u00f3nimo de calidad y compromiso en el sector industrial. Fundada en Vigo, hemos crecido adapt\u00e1ndonos a las necesidades del mercado, ofreciendo soluciones innovadoras en mantenimiento y alquiler de equipos de bombeo. Nuestro enfoque en la atenci\u00f3n al cliente y la mejora continua nos ha permitido establecer relaciones duraderas con nuestros clientes, asegurando siempre la m\u00e1xima eficiencia y operatividad de sus equipos.<\/p>\n<p>[\/et_pb_text][\/et_pb_column][et_pb_column type=\u00bb1_2&#8243; _builder_version=\u00bb4.25.1&#8243; _module_preset=\u00bbdefault\u00bb global_colors_info=\u00bb{}\u00bb][et_pb_image src=\u00bbhttps:\/\/www.electromecanicamg.com\/wp-content\/uploads\/2025\/05\/construction-50.jpg\u00bb alt=\u00bbNuestra visi\u00f3n\u00bb title_text=\u00bbconstruction-50&#8243; _builder_version=\u00bb4.27.4&#8243; _module_preset=\u00bbdefault\u00bb global_colors_info=\u00bb{}\u00bb][\/et_pb_image][\/et_pb_column][\/et_pb_row][\/et_pb_section][et_pb_section fb_built=\u00bb1&#8243; admin_label=\u00bbsobre nuestra misi\u00f3n\u00bb module_id=\u00bbsobre-nuestra-mision\u00bb _builder_version=\u00bb4.27.4&#8243; _module_preset=\u00bbdefault\u00bb background_color=\u00bbgcid-2cd43cbf-436e-43ae-a028-9fc2792b7bb0&#8243; background_enable_image=\u00bboff\u00bb collapsed=\u00bbon\u00bb global_colors_info=\u00bb{%22gcid-2cd43cbf-436e-43ae-a028-9fc2792b7bb0%22:%91%22background_color%22%93}\u00bb][et_pb_row column_structure=\u00bb1_2,1_2&#8243; _builder_version=\u00bb4.25.1&#8243; _module_preset=\u00bbdefault\u00bb global_colors_info=\u00bb{}\u00bb][et_pb_column type=\u00bb1_2&#8243; _builder_version=\u00bb4.25.1&#8243; _module_preset=\u00bbdefault\u00bb global_colors_info=\u00bb{}\u00bb][et_pb_heading title=\u00bbNuestra Misi\u00f3n\u00bb _builder_version=\u00bb4.27.4&#8243; _module_preset=\u00bbc33f07d9-41e0-421a-8799-5799df695cce\u00bb title_text_color=\u00bb#FFFFFF\u00bb global_colors_info=\u00bb{}\u00bb][\/et_pb_heading][et_pb_text _builder_version=\u00bb4.27.4&#8243; _module_preset=\u00bb2c55a9c4-feed-423b-9edb-ae0b5b365cac\u00bb text_text_color=\u00bb#FFFFFF\u00bb global_colors_info=\u00bb{%22gcid-primary-color%22:%91%22link_text_color%22,%22link_text_color%22%93,%22gcid-heading-color%22:%91%22header_text_color%22,%22header_4_text_color%22,%22header_3_text_color%22,%22header_2_text_color%22,%22header_5_text_color%22,%22header_6_text_color%22,%22quote_text_color%22,%22header_text_color%22,%22header_4_text_color%22,%22header_3_text_color%22,%22header_2_text_color%22,%22header_5_text_color%22,%22header_6_text_color%22,%22quote_text_color%22%93,%22gcid-secondary-color%22:%91%22quote_border_color%22,%22quote_border_color%22%93}\u00bb]<\/p>\n<p>Proporcionar un servicio superior que supere las expectativas de nuestros clientes, ofreciendo soluciones en toda Espa\u00f1a y asegurando la satisfacci\u00f3n en cada servicio realizado.<\/p>\n<p>[\/et_pb_text][\/et_pb_column][et_pb_column type=\u00bb1_2&#8243; _builder_version=\u00bb4.25.1&#8243; _module_preset=\u00bbdefault\u00bb global_colors_info=\u00bb{}\u00bb][et_pb_image src=\u00bbhttps:\/\/www.electromecanicamg.com\/wp-content\/uploads\/2025\/05\/construction-ss-14.jpg\u00bb alt=\u00bbNuestra Misi\u00f3n\u00bb title_text=\u00bbpost-curso-formacion\u00bb _builder_version=\u00bb4.27.4&#8243; _module_preset=\u00bbdefault\u00bb global_colors_info=\u00bb{}\u00bb][\/et_pb_image][\/et_pb_column][\/et_pb_row][\/et_pb_section][et_pb_section fb_built=\u00bb1&#8243; admin_label=\u00bbAbout\u00bb module_id=\u00bbsobre-nuestros-valores\u00bb _builder_version=\u00bb4.27.4&#8243; _module_preset=\u00bbdefault\u00bb background_color=\u00bbgcid-2cd43cbf-436e-43ae-a028-9fc2792b7bb0&#8243; background_enable_image=\u00bboff\u00bb collapsed=\u00bbon\u00bb global_colors_info=\u00bb{%22gcid-2cd43cbf-436e-43ae-a028-9fc2792b7bb0%22:%91%22background_color%22%93}\u00bb][et_pb_row column_structure=\u00bb1_2,1_2&#8243; _builder_version=\u00bb4.25.1&#8243; _module_preset=\u00bbdefault\u00bb global_colors_info=\u00bb{}\u00bb][et_pb_column type=\u00bb1_2&#8243; _builder_version=\u00bb4.25.1&#8243; _module_preset=\u00bbdefault\u00bb global_colors_info=\u00bb{}\u00bb][et_pb_heading title=\u00bbNuestros valores\u00bb _builder_version=\u00bb4.27.4&#8243; _module_preset=\u00bbc33f07d9-41e0-421a-8799-5799df695cce\u00bb title_text_color=\u00bb#FFFFFF\u00bb global_colors_info=\u00bb{}\u00bb][\/et_pb_heading][et_pb_text _builder_version=\u00bb4.27.4&#8243; _module_preset=\u00bb2c55a9c4-feed-423b-9edb-ae0b5b365cac\u00bb text_text_color=\u00bb#FFFFFF\u00bb text_orientation=\u00bbcenter\u00bb locked=\u00bboff\u00bb global_colors_info=\u00bb{%22gcid-primary-color%22:%91%22link_text_color%22%93,%22gcid-heading-color%22:%91%22header_text_color%22,%22header_4_text_color%22,%22header_3_text_color%22,%22header_2_text_color%22,%22header_5_text_color%22,%22header_6_text_color%22,%22quote_text_color%22%93,%22gcid-secondary-color%22:%91%22quote_border_color%22%93,%22gcid-36fd78a7-34bc-404d-873c-dafa34efaae5%22:%91%22icon_color%22,%22icon_color%22%93}\u00bb body_font_size_tablet=\u00bb15px\u00bb body_font_size_phone=\u00bb14px\u00bb body_font_size_last_edited=\u00bbon|desktop\u00bb]<\/p>\n<ol>\n<li style=\"text-align: left;\">Vocaci\u00f3n de servicio y atenci\u00f3n personalizada.<\/li>\n<li style=\"text-align: left;\">\u00c9tica laboral y cumplimiento de la legislaci\u00f3n.<\/li>\n<li style=\"text-align: left;\">Profesionalidad y excelencia.<\/li>\n<li style=\"text-align: left;\">Alta especializaci\u00f3n y conocimiento.<\/li>\n<li style=\"text-align: left;\">Trabajo en equipo y rigor.<\/li>\n<li style=\"text-align: left;\">Innovaci\u00f3n continua y desarrollo tecnol\u00f3gico.<\/li>\n<\/ol>\n<p>[\/et_pb_text][\/et_pb_column][et_pb_column type=\u00bb1_2&#8243; _builder_version=\u00bb4.25.1&#8243; _module_preset=\u00bbdefault\u00bb global_colors_info=\u00bb{}\u00bb][et_pb_image src=\u00bbhttps:\/\/www.electromecanicamg.com\/wp-content\/uploads\/2025\/05\/Mano-de-obra.jpg\u00bb alt=\u00bb Nuestros Valores\u00bb title_text=\u00bbconstrucci\u00f3n-4.0&#8243; _builder_version=\u00bb4.27.4&#8243; _module_preset=\u00bbdefault\u00bb global_colors_info=\u00bb{}\u00bb][\/et_pb_image][\/et_pb_column][\/et_pb_row][\/et_pb_section][et_pb_section fb_built=\u00bb1&#8243; admin_label=\u00bbText\u00bb _builder_version=\u00bb4.27.4&#8243; _module_preset=\u00bbdefault\u00bb background_color=\u00bbgcid-2cd43cbf-436e-43ae-a028-9fc2792b7bb0&#8243; locked=\u00bboff\u00bb collapsed=\u00bbon\u00bb global_colors_info=\u00bb{%22gcid-2cd43cbf-436e-43ae-a028-9fc2792b7bb0%22:%91%22background_color%22%93}\u00bb][et_pb_row _builder_version=\u00bb4.17.6&#8243; _module_preset=\u00bb5138c454-be54-4233-bd3b-f8e6a8747976&#8243; global_colors_info=\u00bb{}\u00bb][et_pb_column type=\u00bb4_4&#8243; _builder_version=\u00bb4.16&#8243; _module_preset=\u00bb73121f80-a3ef-4484-8763-c3f18e3c56d2&#8243; global_colors_info=\u00bb{}\u00bb][et_pb_heading title=\u00bbNuestro Compromiso\u00bb _builder_version=\u00bb4.27.4&#8243; _module_preset=\u00bbc33f07d9-41e0-421a-8799-5799df695cce\u00bb title_text_align=\u00bbcenter\u00bb title_text_color=\u00bb#FFFFFF\u00bb locked=\u00bboff\u00bb global_colors_info=\u00bb{}\u00bb][\/et_pb_heading][et_pb_text _builder_version=\u00bb4.24.2&#8243; _module_preset=\u00bb2c55a9c4-feed-423b-9edb-ae0b5b365cac\u00bb text_text_color=\u00bb#FFFFFF\u00bb text_orientation=\u00bbcenter\u00bb locked=\u00bboff\u00bb global_colors_info=\u00bb{%22gcid-primary-color%22:%91%22link_text_color%22%93,%22gcid-heading-color%22:%91%22header_text_color%22,%22header_4_text_color%22,%22header_3_text_color%22,%22header_2_text_color%22,%22header_5_text_color%22,%22header_6_text_color%22,%22quote_text_color%22%93,%22gcid-secondary-color%22:%91%22quote_border_color%22%93,%22gcid-36fd78a7-34bc-404d-873c-dafa34efaae5%22:%91%22icon_color%22,%22icon_color%22%93}\u00bb body_font_size_tablet=\u00bb15px\u00bb body_font_size_phone=\u00bb14px\u00bb body_font_size_last_edited=\u00bbon|desktop\u00bb]<\/p>\n<p>En Electromec\u00e1nica MG, creemos que cada cliente es \u00fanico y merece un servicio personalizado que supere sus expectativas. Nuestro enfoque se centra en ofrecer soluciones integrales que no solo resuelvan problemas, sino que tambi\u00e9n optimicen la operatividad de sus equipos. La calidad y la atenci\u00f3n al cliente son los pilares de nuestra filosof\u00eda, asegurando que cada interacci\u00f3n sea una oportunidad para fortalecer la confianza y la satisfacci\u00f3n del cliente.<\/p>\n<p>[\/et_pb_text][\/et_pb_column][\/et_pb_row][\/et_pb_section][et_pb_section fb_built=\u00bb1&#8243; admin_label=\u00bbHeader\u00bb _builder_version=\u00bb4.27.4&#8243; _module_preset=\u00bb0e7d6864-b36a-4f5e-ac0b-7b50cabab208&#8243; background_image=\u00bbhttp:\/\/electromecanicamg.com\/wp-content\/uploads\/2025\/05\/electrician-01.jpg\u00bb custom_padding=\u00bb8vw||8vw||true|false\u00bb collapsed=\u00bbon\u00bb global_colors_info=\u00bb{}\u00bb][et_pb_row _builder_version=\u00bb4.27.4&#8243; _module_preset=\u00bbdefault\u00bb global_colors_info=\u00bb{}\u00bb][et_pb_column type=\u00bb4_4&#8243; _builder_version=\u00bb4.27.4&#8243; _module_preset=\u00bbdefault\u00bb global_colors_info=\u00bb{}\u00bb][et_pb_heading title=\u00bbNuestros Servicios\u00bb _builder_version=\u00bb4.27.4&#8243; _module_preset=\u00bba981e6ca-7fd8-45e6-9c38-41ce8df70846&#8243; title_level=\u00bbh3&#8243; title_text_color=\u00bb#FFFFFF\u00bb custom_margin=\u00bb||||false|false\u00bb global_colors_info=\u00bb{}\u00bb][\/et_pb_heading][et_pb_blurb title=\u00bbReparaci\u00f3n de equipos industriales de bombeo de mortero y autonivelantes.\u00bb use_icon=\u00bbon\u00bb font_icon=\u00bb&#xe035;||divi||400&#8243; _builder_version=\u00bb4.27.4&#8243; _module_preset=\u00bb90869128-698f-4bc2-ab2a-a92f47b88674&#8243; custom_margin=\u00bb||10px||false|false\u00bb global_colors_info=\u00bb{}\u00bb][\/et_pb_blurb][et_pb_blurb title=\u00bbMantenimiento preventivo programado.\u00bb use_icon=\u00bbon\u00bb font_icon=\u00bb&#xe023;||divi||400&#8243; _builder_version=\u00bb4.27.4&#8243; _module_preset=\u00bb90869128-698f-4bc2-ab2a-a92f47b88674&#8243; custom_margin=\u00bb||10px||false|false\u00bb global_colors_info=\u00bb{}\u00bb][\/et_pb_blurb][et_pb_blurb title=\u00bbAlquiler de equipos.\u00bb use_icon=\u00bbon\u00bb font_icon=\u00bb&#xe012;||divi||400&#8243; _builder_version=\u00bb4.27.4&#8243; _module_preset=\u00bb90869128-698f-4bc2-ab2a-a92f47b88674&#8243; custom_margin=\u00bb||10px||false|false\u00bb global_colors_info=\u00bb{}\u00bb][\/et_pb_blurb][et_pb_blurb title=\u00bbVenta de repuestos y accesorios para el sector.\u00bb use_icon=\u00bbon\u00bb font_icon=\u00bb&#xe0e9;||divi||400&#8243; _builder_version=\u00bb4.27.4&#8243; _module_preset=\u00bb90869128-698f-4bc2-ab2a-a92f47b88674&#8243; custom_margin=\u00bb||10px||false|false\u00bb global_colors_info=\u00bb{}\u00bb][\/et_pb_blurb][\/et_pb_column][\/et_pb_row][\/et_pb_section][et_pb_section fb_built=\u00bb1&#8243; admin_label=\u00bbAbout\u00bb _builder_version=\u00bb4.27.4&#8243; _module_preset=\u00bbdefault\u00bb background_color=\u00bbgcid-2cd43cbf-436e-43ae-a028-9fc2792b7bb0&#8243; collapsed=\u00bbon\u00bb global_colors_info=\u00bb{%22gcid-2cd43cbf-436e-43ae-a028-9fc2792b7bb0%22:%91%22background_color%22%93}\u00bb][et_pb_row column_structure=\u00bb1_2,1_2&#8243; _builder_version=\u00bb4.25.1&#8243; _module_preset=\u00bbdefault\u00bb global_colors_info=\u00bb{}\u00bb][et_pb_column type=\u00bb1_2&#8243; _builder_version=\u00bb4.25.1&#8243; _module_preset=\u00bbdefault\u00bb global_colors_info=\u00bb{}\u00bb][et_pb_heading title=\u00bbNuestra Historia y Evoluci\u00f3n\u00bb _builder_version=\u00bb4.27.4&#8243; _module_preset=\u00bbc33f07d9-41e0-421a-8799-5799df695cce\u00bb title_level=\u00bbh4&#8243; title_text_color=\u00bb#FFFFFF\u00bb global_colors_info=\u00bb{}\u00bb][\/et_pb_heading][et_pb_text _builder_version=\u00bb4.27.4&#8243; _module_preset=\u00bb2c55a9c4-feed-423b-9edb-ae0b5b365cac\u00bb text_text_color=\u00bb#FFFFFF\u00bb global_colors_info=\u00bb{%22gcid-primary-color%22:%91%22link_text_color%22%93,%22gcid-heading-color%22:%91%22header_text_color%22,%22header_4_text_color%22,%22header_3_text_color%22,%22header_2_text_color%22,%22header_5_text_color%22,%22header_6_text_color%22,%22quote_text_color%22%93,%22gcid-secondary-color%22:%91%22quote_border_color%22%93}\u00bb]<\/p>\n<p>Desde nuestros inicios, Electromec\u00e1nica MG ha sido sin\u00f3nimo de calidad y compromiso en el sector industrial. Fundada en Vigo, hemos crecido adapt\u00e1ndonos a las necesidades del mercado, ofreciendo soluciones innovadoras en mantenimiento y alquiler de equipos de bombeo. Nuestro enfoque en la atenci\u00f3n al cliente y la mejora continua nos ha permitido establecer relaciones duraderas con nuestros clientes, asegurando siempre la m\u00e1xima eficiencia y operatividad de sus equipos.<\/p>\n<p>[\/et_pb_text][\/et_pb_column][et_pb_column type=\u00bb1_2&#8243; _builder_version=\u00bb4.25.1&#8243; _module_preset=\u00bbdefault\u00bb global_colors_info=\u00bb{}\u00bb][et_pb_image src=\u00bbhttps:\/\/www.electromecanicamg.com\/wp-content\/uploads\/2025\/05\/objetivos-apuntan-al-grafico-de-papel-perforado-por-aspiracion-scaled.jpg\u00bb alt=\u00bbNuestra Evoluci\u00f3n\u00bb title_text=\u00bbGoals\u00bb _builder_version=\u00bb4.27.4&#8243; _module_preset=\u00bbdefault\u00bb global_colors_info=\u00bb{}\u00bb][\/et_pb_image][\/et_pb_column][\/et_pb_row][\/et_pb_section]<\/p>\n","protected":false},"excerpt":{"rendered":"<p>Desde nuestros inicios, Electromec\u00e1nica MG ha sido sin\u00f3nimo de calidad y compromiso en el sector industrial. Fundada en Vigo, hemos crecido adapt\u00e1ndonos a las necesidades del mercado, ofreciendo soluciones innovadoras en mantenimiento y alquiler de equipos de bombeo. Nuestro enfoque en la atenci\u00f3n al cliente y la mejora continua nos ha permitido establecer relaciones duraderas [&hellip;]<\/p>\n","protected":false},"author":1,"featured_media":0,"parent":0,"menu_order":2,"comment_status":"closed","ping_status":"closed","template":"","meta":{"_et_pb_use_builder":"on","_et_pb_old_content":"","_et_gb_content_width":"","footnotes":""},"class_list":["post-16","page","type-page","status-publish","hentry"],"_links":{"self":[{"href":"https:\/\/www.electromecanicamg.com\/index.php\/wp-json\/wp\/v2\/pages\/16","targetHints":{"allow":["GET"]}}],"collection":[{"href":"https:\/\/www.electromecanicamg.com\/index.php\/wp-json\/wp\/v2\/pages"}],"about":[{"href":"https:\/\/www.electromecanicamg.com\/index.php\/wp-json\/wp\/v2\/types\/page"}],"author":[{"embeddable":true,"href":"https:\/\/www.electromecanicamg.com\/index.php\/wp-json\/wp\/v2\/users\/1"}],"replies":[{"embeddable":true,"href":"https:\/\/www.electromecanicamg.com\/index.php\/wp-json\/wp\/v2\/comments?post=16"}],"version-history":[{"count":32,"href":"https:\/\/www.electromecanicamg.com\/index.php\/wp-json\/wp\/v2\/pages\/16\/revisions"}],"predecessor-version":[{"id":1679,"href":"https:\/\/www.electromecanicamg.com\/index.php\/wp-json\/wp\/v2\/pages\/16\/revisions\/1679"}],"wp:attachment":[{"href":"https:\/\/www.electromecanicamg.com\/index.php\/wp-json\/wp\/v2\/media?parent=16"}],"curies":[{"name":"wp","href":"https:\/\/api.w.org\/{rel}","templated":true}]}}