{"id":1417,"date":"2025-05-25T16:26:44","date_gmt":"2025-05-25T14:26:44","guid":{"rendered":"https:\/\/www.electromecanicamg.com\/?page_id=1417"},"modified":"2025-05-25T22:48:45","modified_gmt":"2025-05-25T20:48:45","slug":"login","status":"publish","type":"page","link":"https:\/\/www.electromecanicamg.com\/index.php\/login\/","title":{"rendered":"Login"},"content":{"rendered":"<p>[et_pb_section fb_built=\u00bb1&#8243; _builder_version=\u00bb4.27.4&#8243; _module_preset=\u00bbdefault\u00bb background_color=\u00bbgcid-2cd43cbf-436e-43ae-a028-9fc2792b7bb0&#8243; background_enable_image=\u00bboff\u00bb global_colors_info=\u00bb{%22gcid-2cd43cbf-436e-43ae-a028-9fc2792b7bb0%22:%91%22background_color%22%93}\u00bb][et_pb_row _builder_version=\u00bb4.27.4&#8243; _module_preset=\u00bbdefault\u00bb background_color=\u00bbRGBA(255,255,255,0)\u00bb global_colors_info=\u00bb{}\u00bb][et_pb_column type=\u00bb4_4&#8243; _builder_version=\u00bb4.27.4&#8243; _module_preset=\u00bbdefault\u00bb global_colors_info=\u00bb{}\u00bb][et_pb_login title=\u00bbIniciar sesi\u00f3n\u00bb _builder_version=\u00bb4.27.4&#8243; _module_preset=\u00bbdefault\u00bb form_field_background_color=\u00bb#FFFFFF\u00bb form_field_text_color=\u00bb#000000&#8243; header_text_color=\u00bb#FFFFFF\u00bb body_text_color=\u00bb#FFFFFF\u00bb custom_button=\u00bboff\u00bb global_colors_info=\u00bb{%22gcid-2ba1efb6-4031-47e4-a58d-f8150d56f0f2%22:%91%22form_field_background_color%22,%22form_field_background_color%22%93,%22gcid-body-color%22:%91%22form_field_text_color%22%93,%22gcid-2cd43cbf-436e-43ae-a028-9fc2792b7bb0%22:%91%22button_bg_color%22%93}\u00bb]<\/p>\n<p><span>Para iniciar sesi\u00f3n, necesitar\u00e1s el nombre de usuario y la contrase\u00f1a.<\/span><\/p>\n<p>[\/et_pb_login][\/et_pb_column][\/et_pb_row][\/et_pb_section]<\/p>\n","protected":false},"excerpt":{"rendered":"<p>Para iniciar sesi\u00f3n, necesitar\u00e1s el nombre de usuario y la contrase\u00f1a.<\/p>\n","protected":false},"author":1,"featured_media":0,"parent":0,"menu_order":11,"comment_status":"closed","ping_status":"closed","template":"","meta":{"_et_pb_use_builder":"on","_et_pb_old_content":"","_et_gb_content_width":"","footnotes":""},"class_list":["post-1417","page","type-page","status-publish","hentry"],"_links":{"self":[{"href":"https:\/\/www.electromecanicamg.com\/index.php\/wp-json\/wp\/v2\/pages\/1417","targetHints":{"allow":["GET"]}}],"collection":[{"href":"https:\/\/www.electromecanicamg.com\/index.php\/wp-json\/wp\/v2\/pages"}],"about":[{"href":"https:\/\/www.electromecanicamg.com\/index.php\/wp-json\/wp\/v2\/types\/page"}],"author":[{"embeddable":true,"href":"https:\/\/www.electromecanicamg.com\/index.php\/wp-json\/wp\/v2\/users\/1"}],"replies":[{"embeddable":true,"href":"https:\/\/www.electromecanicamg.com\/index.php\/wp-json\/wp\/v2\/comments?post=1417"}],"version-history":[{"count":4,"href":"https:\/\/www.electromecanicamg.com\/index.php\/wp-json\/wp\/v2\/pages\/1417\/revisions"}],"predecessor-version":[{"id":1469,"href":"https:\/\/www.electromecanicamg.com\/index.php\/wp-json\/wp\/v2\/pages\/1417\/revisions\/1469"}],"wp:attachment":[{"href":"https:\/\/www.electromecanicamg.com\/index.php\/wp-json\/wp\/v2\/media?parent=1417"}],"curies":[{"name":"wp","href":"https:\/\/api.w.org\/{rel}","templated":true}]}}